{"id":2498,"date":"2021-08-04T18:57:28","date_gmt":"2021-08-04T18:57:28","guid":{"rendered":"http:\/\/admichess.com\/floridacoop\/?page_id=2498"},"modified":"2021-08-13T20:51:20","modified_gmt":"2021-08-13T20:51:20","slug":"servicios","status":"publish","type":"page","link":"https:\/\/admichess.com\/floridacoop\/servicios\/","title":{"rendered":"Servicios"},"content":{"rendered":"<p>[vc_row][vc_column]<div class=\"themetechmount-boxes themetechmount-boxes-service themetechmount-boxes-view-default themetechmount-boxes-col-three themetechmount-boxes-sortable-no themetechmount-boxes-textalign-center tm-cta3-rev-heading\">\n\t\t<div class=\"themetechmount-boxes-inner themetechmount-boxes-service-inner \"><div class=\"themetechmount-box-heading-wrapper tm-element-align-center\"><div class=\"tm-element-heading-wrapper tm-heading-inner tm-element-align-center tm-seperator-none tm-heading-style-vertical \"><section class=\"tm-vc_cta3-container\"><div class=\"tm-vc_general tm-vc_cta3 tm-cta3-only tm-vc_cta3-style-classic tm-vc_cta3-shape-rounded tm-vc_cta3-align-center tm-vc_cta3-color-transparent tm-vc_cta3-icon-size-md tm-vc_cta3-actions-no tm-cta3-without-desc\"><div class=\"tm-vc_cta3_content-container\"><div class=\"tm-vc_cta3-content\"><header class=\"tm-vc_cta3-content-header tm-wrap\"><div class=\"tm-vc_cta3-headers tm-wrap-cell\"><h4 class=\"tm-custom-heading \" >Nuestros Servicios<\/h4>\n<h2 class=\"tm-custom-heading \" >Cuentas<\/h2>\n<\/div><\/header><\/div><\/div><\/div><\/section><\/div> <!-- .tm-element-heading-wrapper container --> <\/div> <!-- .tm-element-heading-wrapper container --> \n\t\t\t\n\t\t\t<div class=\"row multi-columns-row themetechmount-boxes-row-wrapper\">\n\t\t\t\t<div class=\"tm-box-col-wrapper col-lg-4 col-sm-6 col-md-4 col-xs-12 \"><article class=\"themetechmount-box themetechmount-box-service themetechmount-service-box-style2 \">\n\t<div class=\"themetechmount-post-item\">\t\n\t\t<div class=\"tm-box-top-content\">\t\n\t\t\t<div class=\"themetechmount-box-title\"><h4><a href=\"https:\/\/admichess.com\/floridacoop\/service\/athm\/\">ATH m\u00f3vil<\/a><\/h4><\/div>\t\t\t<div class=\"themetechmount-post-item-inner\">\n\t\t\t\t<div class=\"tm-featured-wrapper tm-tm_service-featured-wrapper\"><a href=\"https:\/\/admichess.com\/floridacoop\/service\/athm\/\"><img loading=\"lazy\" decoding=\"async\" width=\"740\" height=\"225\" src=\"https:\/\/admichess.com\/floridacoop\/wp-content\/uploads\/2021\/08\/ATHM-logo-horizontal-740x225.png\" class=\"attachment-themetechmount-img-servicebox size-themetechmount-img-servicebox wp-post-image\" alt=\"\" data-id=\"2932\" \/><\/a><\/div>\t\t\t<\/div>\n\t\t<\/div>\n\t\t<div class=\"themetechmount-box-bottom-content\">\t\t\n\t\t\t<div class=\"themetechmount-box-desc\">\n\t\t\t\t<div class=\"tm-short-desc\">\n\t\t\t\t\t<p>Transfiere dinero a personas, haz donaciones o paga a un negocio m\u00e1s f\u00e1cil<\/p>\n\t\t\t\t<\/div>\n\t\t\t<\/div> \n\t\t\t<div class=\"themetechmount-serviceboxbox-readmore\">\n\t\t\t\t<a href=\"https:\/\/admichess.com\/floridacoop\/service\/athm\/\"><span class=\"tm-btn-icon-arrow\"><\/span><\/a>\n\t\t\t<\/div>\n\t\t<\/div>\n\t<\/div>\n<\/article><\/div><div class=\"tm-box-col-wrapper col-lg-4 col-sm-6 col-md-4 col-xs-12 \"><article class=\"themetechmount-box themetechmount-box-service themetechmount-service-box-style2 \">\n\t<div class=\"themetechmount-post-item\">\t\n\t\t<div class=\"tm-box-top-content\">\t\n\t\t\t<div class=\"themetechmount-box-title\"><h4><a href=\"https:\/\/admichess.com\/floridacoop\/service\/advance-reports\/\">Cuenta de Acciones<\/a><\/h4><\/div>\t\t\t<div class=\"themetechmount-post-item-inner\">\n\t\t\t\t<div class=\"tm-featured-wrapper tm-tm_service-featured-wrapper\"><a href=\"https:\/\/admichess.com\/floridacoop\/service\/advance-reports\/\"><img loading=\"lazy\" decoding=\"async\" width=\"740\" height=\"362\" src=\"https:\/\/admichess.com\/floridacoop\/wp-content\/uploads\/2019\/04\/acciones-740x362.png\" class=\"attachment-themetechmount-img-servicebox size-themetechmount-img-servicebox wp-post-image\" alt=\"\" data-id=\"2897\" \/><\/a><\/div>\t\t\t<\/div>\n\t\t<\/div>\n\t\t<div class=\"themetechmount-box-bottom-content\">\t\t\n\t\t\t<div class=\"themetechmount-box-desc\">\n\t\t\t\t<div class=\"tm-short-desc\">\n\t\t\t\t\t<p>Convi\u00e9rtete en socio de nuestra cooperativa y disfruta de los servicios y beneficios que ofrecemos a nuestros socios.<\/p>\n\t\t\t\t<\/div>\n\t\t\t<\/div> \n\t\t\t<div class=\"themetechmount-serviceboxbox-readmore\">\n\t\t\t\t<a href=\"https:\/\/admichess.com\/floridacoop\/service\/advance-reports\/\"><span class=\"tm-btn-icon-arrow\"><\/span><\/a>\n\t\t\t<\/div>\n\t\t<\/div>\n\t<\/div>\n<\/article><\/div><div class=\"tm-box-col-wrapper col-lg-4 col-sm-6 col-md-4 col-xs-12 \"><article class=\"themetechmount-box themetechmount-box-service themetechmount-service-box-style2 \">\n\t<div class=\"themetechmount-post-item\">\t\n\t\t<div class=\"tm-box-top-content\">\t\n\t\t\t<div class=\"themetechmount-box-title\"><h4><a href=\"https:\/\/admichess.com\/floridacoop\/service\/analytics-solutions\/\">Cuenta de ahorro<\/a><\/h4><\/div>\t\t\t<div class=\"themetechmount-post-item-inner\">\n\t\t\t\t<div class=\"tm-featured-wrapper tm-tm_service-featured-wrapper\"><a href=\"https:\/\/admichess.com\/floridacoop\/service\/analytics-solutions\/\"><img loading=\"lazy\" decoding=\"async\" width=\"740\" height=\"362\" src=\"https:\/\/admichess.com\/floridacoop\/wp-content\/uploads\/2021\/08\/ahorros-740x362.png\" class=\"attachment-themetechmount-img-servicebox size-themetechmount-img-servicebox wp-post-image\" alt=\"\" data-id=\"2886\" \/><\/a><\/div>\t\t\t<\/div>\n\t\t<\/div>\n\t\t<div class=\"themetechmount-box-bottom-content\">\t\t\n\t\t\t<div class=\"themetechmount-box-desc\">\n\t\t\t\t<div class=\"tm-short-desc\">\n\t\t\t\t\t<p>La mejor forma de prepararte para el futuro.<\/p>\n\t\t\t\t<\/div>\n\t\t\t<\/div> \n\t\t\t<div class=\"themetechmount-serviceboxbox-readmore\">\n\t\t\t\t<a href=\"https:\/\/admichess.com\/floridacoop\/service\/analytics-solutions\/\"><span class=\"tm-btn-icon-arrow\"><\/span><\/a>\n\t\t\t<\/div>\n\t\t<\/div>\n\t<\/div>\n<\/article><\/div><div class=\"tm-box-col-wrapper col-lg-4 col-sm-6 col-md-4 col-xs-12 \"><article class=\"themetechmount-box themetechmount-box-service themetechmount-service-box-style2 \">\n\t<div class=\"themetechmount-post-item\">\t\n\t\t<div class=\"tm-box-top-content\">\t\n\t\t\t<div class=\"themetechmount-box-title\"><h4><a href=\"https:\/\/admichess.com\/floridacoop\/service\/business-growth\/\">Navi-Coop<\/a><\/h4><\/div>\t\t\t<div class=\"themetechmount-post-item-inner\">\n\t\t\t\t<div class=\"tm-featured-wrapper tm-tm_service-featured-wrapper\"><a href=\"https:\/\/admichess.com\/floridacoop\/service\/business-growth\/\"><img loading=\"lazy\" decoding=\"async\" width=\"740\" height=\"362\" src=\"https:\/\/admichess.com\/floridacoop\/wp-content\/uploads\/2019\/05\/navidad-740x362.png\" class=\"attachment-themetechmount-img-servicebox size-themetechmount-img-servicebox wp-post-image\" alt=\"\" data-id=\"2914\" \/><\/a><\/div>\t\t\t<\/div>\n\t\t<\/div>\n\t\t<div class=\"themetechmount-box-bottom-content\">\t\t\n\t\t\t<div class=\"themetechmount-box-desc\">\n\t\t\t\t<div class=\"tm-short-desc\">\n\t\t\t\t\t<p>Prep\u00e1rate con anticipaci\u00f3n para el &#8220;shopping&#8221; navide\u00f1o.<\/p>\n\t\t\t\t<\/div>\n\t\t\t<\/div> \n\t\t\t<div class=\"themetechmount-serviceboxbox-readmore\">\n\t\t\t\t<a href=\"https:\/\/admichess.com\/floridacoop\/service\/business-growth\/\"><span class=\"tm-btn-icon-arrow\"><\/span><\/a>\n\t\t\t<\/div>\n\t\t<\/div>\n\t<\/div>\n<\/article><\/div><div class=\"tm-box-col-wrapper col-lg-4 col-sm-6 col-md-4 col-xs-12 \"><article class=\"themetechmount-box themetechmount-box-service themetechmount-service-box-style2 \">\n\t<div class=\"themetechmount-post-item\">\t\n\t\t<div class=\"tm-box-top-content\">\t\n\t\t\t<div class=\"themetechmount-box-title\"><h4><a href=\"https:\/\/admichess.com\/floridacoop\/service\/corporate-finanace\/\">Cuenta de cheque<\/a><\/h4><\/div>\t\t\t<div class=\"themetechmount-post-item-inner\">\n\t\t\t\t<div class=\"tm-featured-wrapper tm-tm_service-featured-wrapper\"><a href=\"https:\/\/admichess.com\/floridacoop\/service\/corporate-finanace\/\"><img loading=\"lazy\" decoding=\"async\" width=\"740\" height=\"362\" src=\"https:\/\/admichess.com\/floridacoop\/wp-content\/uploads\/2019\/04\/cheques-740x362.png\" class=\"attachment-themetechmount-img-servicebox size-themetechmount-img-servicebox wp-post-image\" alt=\"\" data-id=\"2899\" \/><\/a><\/div>\t\t\t<\/div>\n\t\t<\/div>\n\t\t<div class=\"themetechmount-box-bottom-content\">\t\t\n\t\t\t<div class=\"themetechmount-box-desc\">\n\t\t\t\t<div class=\"tm-short-desc\">\n\t\t\t\t\t<p>Maneja y controla mejor tu presupuesto.<\/p>\n\t\t\t\t<\/div>\n\t\t\t<\/div> \n\t\t\t<div class=\"themetechmount-serviceboxbox-readmore\">\n\t\t\t\t<a href=\"https:\/\/admichess.com\/floridacoop\/service\/corporate-finanace\/\"><span class=\"tm-btn-icon-arrow\"><\/span><\/a>\n\t\t\t<\/div>\n\t\t<\/div>\n\t<\/div>\n<\/article><\/div><div class=\"tm-box-col-wrapper col-lg-4 col-sm-6 col-md-4 col-xs-12 \"><article class=\"themetechmount-box themetechmount-box-service themetechmount-service-box-style2 \">\n\t<div class=\"themetechmount-post-item\">\t\n\t\t<div class=\"tm-box-top-content\">\t\n\t\t\t<div class=\"themetechmount-box-title\"><h4><a href=\"https:\/\/admichess.com\/floridacoop\/service\/chain-management\/\">Certificados de dep\u00f3sitos<\/a><\/h4><\/div>\t\t\t<div class=\"themetechmount-post-item-inner\">\n\t\t\t\t<div class=\"tm-featured-wrapper tm-tm_service-featured-wrapper\"><a href=\"https:\/\/admichess.com\/floridacoop\/service\/chain-management\/\"><img loading=\"lazy\" decoding=\"async\" width=\"740\" height=\"362\" src=\"https:\/\/admichess.com\/floridacoop\/wp-content\/uploads\/2019\/04\/depositos-740x362.png\" class=\"attachment-themetechmount-img-servicebox size-themetechmount-img-servicebox wp-post-image\" alt=\"\" data-id=\"2890\" \/><\/a><\/div>\t\t\t<\/div>\n\t\t<\/div>\n\t\t<div class=\"themetechmount-box-bottom-content\">\t\t\n\t\t\t<div class=\"themetechmount-box-desc\">\n\t\t\t\t<div class=\"tm-short-desc\">\n\t\t\t\t\t<p>Invierte en ti y permite que tu dinero crezca.\t<\/p>\n\t\t\t\t<\/div>\n\t\t\t<\/div> \n\t\t\t<div class=\"themetechmount-serviceboxbox-readmore\">\n\t\t\t\t<a href=\"https:\/\/admichess.com\/floridacoop\/service\/chain-management\/\"><span class=\"tm-btn-icon-arrow\"><\/span><\/a>\n\t\t\t<\/div>\n\t\t<\/div>\n\t<\/div>\n<\/article><\/div>\n\t\t\t<\/div>\n\t\t<\/div><!-- .themetechmount-boxes-inner -->   <\/div><!-- .themetechmount-boxes -->  [\/vc_column][vc_column]<div class=\"themetechmount-boxes themetechmount-boxes-service themetechmount-boxes-view-default themetechmount-boxes-col-three themetechmount-boxes-sortable-no themetechmount-boxes-textalign-center tm-cta3-rev-heading\">\n\t\t<div class=\"themetechmount-boxes-inner themetechmount-boxes-service-inner \"><div class=\"themetechmount-box-heading-wrapper tm-element-align-center\"><div class=\"tm-element-heading-wrapper tm-heading-inner tm-element-align-center tm-seperator-none tm-heading-style-vertical \"><section class=\"tm-vc_cta3-container\"><div class=\"tm-vc_general tm-vc_cta3 tm-cta3-only tm-vc_cta3-style-classic tm-vc_cta3-shape-rounded tm-vc_cta3-align-center tm-vc_cta3-color-transparent tm-vc_cta3-icon-size-md tm-vc_cta3-actions-no tm-cta3-without-desc\"><div class=\"tm-vc_cta3_content-container\"><div class=\"tm-vc_cta3-content\"><header class=\"tm-vc_cta3-content-header tm-wrap\"><div class=\"tm-vc_cta3-headers tm-wrap-cell\"><h2 class=\"tm-custom-heading \" >Pr\u00e9stamos<\/h2>\n<\/div><\/header><\/div><\/div><\/div><\/section><\/div> <!-- .tm-element-heading-wrapper container --> <\/div> <!-- .tm-element-heading-wrapper container --> \n\t\t\t\n\t\t\t<div class=\"row multi-columns-row themetechmount-boxes-row-wrapper\">\n\t\t\t\t<div class=\"tm-box-col-wrapper col-lg-4 col-sm-6 col-md-4 col-xs-12 \"><article class=\"themetechmount-box themetechmount-box-service themetechmount-service-box-style2 \">\n\t<div class=\"themetechmount-post-item\">\t\n\t\t<div class=\"tm-box-top-content\">\t\n\t\t\t<div class=\"themetechmount-box-title\"><h4><a href=\"https:\/\/admichess.com\/floridacoop\/service\/prestamo-personal\/\">Pr\u00e9stamo Personal<\/a><\/h4><\/div>\t\t\t<div class=\"themetechmount-post-item-inner\">\n\t\t\t\t<div class=\"tm-featured-wrapper tm-tm_service-featured-wrapper\"><a href=\"https:\/\/admichess.com\/floridacoop\/service\/prestamo-personal\/\"><img loading=\"lazy\" decoding=\"async\" width=\"740\" height=\"362\" src=\"https:\/\/admichess.com\/floridacoop\/wp-content\/uploads\/2021\/08\/personal-740x362.png\" class=\"attachment-themetechmount-img-servicebox size-themetechmount-img-servicebox wp-post-image\" alt=\"\" data-id=\"2900\" \/><\/a><\/div>\t\t\t<\/div>\n\t\t<\/div>\n\t\t<div class=\"themetechmount-box-bottom-content\">\t\t\n\t\t\t<div class=\"themetechmount-box-desc\">\n\t\t\t\t<div class=\"tm-short-desc\">\n\t\t\t\t\t<p>Consolida deudas, compra lo que necesites, date un gusto, en fin, para lo que desees.<\/p>\n\t\t\t\t<\/div>\n\t\t\t<\/div> \n\t\t\t<div class=\"themetechmount-serviceboxbox-readmore\">\n\t\t\t\t<a href=\"https:\/\/admichess.com\/floridacoop\/service\/prestamo-personal\/\"><span class=\"tm-btn-icon-arrow\"><\/span><\/a>\n\t\t\t<\/div>\n\t\t<\/div>\n\t<\/div>\n<\/article><\/div><div class=\"tm-box-col-wrapper col-lg-4 col-sm-6 col-md-4 col-xs-12 \"><article class=\"themetechmount-box themetechmount-box-service themetechmount-service-box-style2 \">\n\t<div class=\"themetechmount-post-item\">\t\n\t\t<div class=\"tm-box-top-content\">\t\n\t\t\t<div class=\"themetechmount-box-title\"><h4><a href=\"https:\/\/admichess.com\/floridacoop\/service\/prestamo-personal-con-colateral\/\">Personal con Colateral<\/a><\/h4><\/div>\t\t\t<div class=\"themetechmount-post-item-inner\">\n\t\t\t\t<div class=\"tm-featured-wrapper tm-tm_service-featured-wrapper\"><a href=\"https:\/\/admichess.com\/floridacoop\/service\/prestamo-personal-con-colateral\/\"><img loading=\"lazy\" decoding=\"async\" width=\"740\" height=\"362\" src=\"https:\/\/admichess.com\/floridacoop\/wp-content\/uploads\/2021\/08\/colateral-740x362.png\" class=\"attachment-themetechmount-img-servicebox size-themetechmount-img-servicebox wp-post-image\" alt=\"\" data-id=\"2902\" \/><\/a><\/div>\t\t\t<\/div>\n\t\t<\/div>\n\t\t<div class=\"themetechmount-box-bottom-content\">\t\t\n\t\t\t<div class=\"themetechmount-box-desc\">\n\t\t\t\t<div class=\"tm-short-desc\">\n\t\t\t\t\t<p>Obt\u00e9n tu dinero garantiz\u00e1ndolo con tus dep\u00f3sitos.<\/p>\n\t\t\t\t<\/div>\n\t\t\t<\/div> \n\t\t\t<div class=\"themetechmount-serviceboxbox-readmore\">\n\t\t\t\t<a href=\"https:\/\/admichess.com\/floridacoop\/service\/prestamo-personal-con-colateral\/\"><span class=\"tm-btn-icon-arrow\"><\/span><\/a>\n\t\t\t<\/div>\n\t\t<\/div>\n\t<\/div>\n<\/article><\/div><div class=\"tm-box-col-wrapper col-lg-4 col-sm-6 col-md-4 col-xs-12 \"><article class=\"themetechmount-box themetechmount-box-service themetechmount-service-box-style2 \">\n\t<div class=\"themetechmount-post-item\">\t\n\t\t<div class=\"tm-box-top-content\">\t\n\t\t\t<div class=\"themetechmount-box-title\"><h4><a href=\"https:\/\/admichess.com\/floridacoop\/service\/prestamo-hipotecario\/\">Pr\u00e9stamo Hipotecario<\/a><\/h4><\/div>\t\t\t<div class=\"themetechmount-post-item-inner\">\n\t\t\t\t<div class=\"tm-featured-wrapper tm-tm_service-featured-wrapper\"><a href=\"https:\/\/admichess.com\/floridacoop\/service\/prestamo-hipotecario\/\"><img loading=\"lazy\" decoding=\"async\" width=\"740\" height=\"362\" src=\"https:\/\/admichess.com\/floridacoop\/wp-content\/uploads\/2021\/08\/hipotecario-740x362.png\" class=\"attachment-themetechmount-img-servicebox size-themetechmount-img-servicebox wp-post-image\" alt=\"\" data-id=\"2903\" \/><\/a><\/div>\t\t\t<\/div>\n\t\t<\/div>\n\t\t<div class=\"themetechmount-box-bottom-content\">\t\t\n\t\t\t<div class=\"themetechmount-box-desc\">\n\t\t\t\t<div class=\"tm-short-desc\">\n\t\t\t\t\t<p>Para comprar,\u00a0refinanciar o remodelar la casa de tus sue\u00f1os, ven y aprovecha nuestro\u00a0pr\u00e9stamo hipotecario.<\/p>\n\t\t\t\t<\/div>\n\t\t\t<\/div> \n\t\t\t<div class=\"themetechmount-serviceboxbox-readmore\">\n\t\t\t\t<a href=\"https:\/\/admichess.com\/floridacoop\/service\/prestamo-hipotecario\/\"><span class=\"tm-btn-icon-arrow\"><\/span><\/a>\n\t\t\t<\/div>\n\t\t<\/div>\n\t<\/div>\n<\/article><\/div><div class=\"tm-box-col-wrapper col-lg-4 col-sm-6 col-md-4 col-xs-12 \"><article class=\"themetechmount-box themetechmount-box-service themetechmount-service-box-style2 \">\n\t<div class=\"themetechmount-post-item\">\t\n\t\t<div class=\"tm-box-top-content\">\t\n\t\t\t<div class=\"themetechmount-box-title\"><h4><a href=\"https:\/\/admichess.com\/floridacoop\/service\/prestamo-personal-hipotecario\/\">Pr\u00e9stamo Personal Hipotecario<\/a><\/h4><\/div>\t\t\t<div class=\"themetechmount-post-item-inner\">\n\t\t\t\t<div class=\"tm-featured-wrapper tm-tm_service-featured-wrapper\"><a href=\"https:\/\/admichess.com\/floridacoop\/service\/prestamo-personal-hipotecario\/\"><img loading=\"lazy\" decoding=\"async\" width=\"740\" height=\"362\" src=\"https:\/\/admichess.com\/floridacoop\/wp-content\/uploads\/2021\/08\/perhip2-740x362.png\" class=\"attachment-themetechmount-img-servicebox size-themetechmount-img-servicebox wp-post-image\" alt=\"\" data-id=\"2912\" \/><\/a><\/div>\t\t\t<\/div>\n\t\t<\/div>\n\t\t<div class=\"themetechmount-box-bottom-content\">\t\t\n\t\t\t<div class=\"themetechmount-box-desc\">\n\t\t\t\t<div class=\"tm-short-desc\">\n\t\t\t\t\t<p>Te prestamos hasta $100,000 por un t\u00e9rmino de hasta 20 a\u00f1os.<\/p>\n\t\t\t\t<\/div>\n\t\t\t<\/div> \n\t\t\t<div class=\"themetechmount-serviceboxbox-readmore\">\n\t\t\t\t<a href=\"https:\/\/admichess.com\/floridacoop\/service\/prestamo-personal-hipotecario\/\"><span class=\"tm-btn-icon-arrow\"><\/span><\/a>\n\t\t\t<\/div>\n\t\t<\/div>\n\t<\/div>\n<\/article><\/div><div class=\"tm-box-col-wrapper col-lg-4 col-sm-6 col-md-4 col-xs-12 \"><article class=\"themetechmount-box themetechmount-box-service themetechmount-service-box-style2 \">\n\t<div class=\"themetechmount-post-item\">\t\n\t\t<div class=\"tm-box-top-content\">\t\n\t\t\t<div class=\"themetechmount-box-title\"><h4><a href=\"https:\/\/admichess.com\/floridacoop\/service\/prestamo-de-auto\/\">Pr\u00e9stamo de Auto<\/a><\/h4><\/div>\t\t\t<div class=\"themetechmount-post-item-inner\">\n\t\t\t\t<div class=\"tm-featured-wrapper tm-tm_service-featured-wrapper\"><a href=\"https:\/\/admichess.com\/floridacoop\/service\/prestamo-de-auto\/\"><img loading=\"lazy\" decoding=\"async\" width=\"740\" height=\"362\" src=\"https:\/\/admichess.com\/floridacoop\/wp-content\/uploads\/2021\/08\/auto-740x362.png\" class=\"attachment-themetechmount-img-servicebox size-themetechmount-img-servicebox wp-post-image\" alt=\"\" data-id=\"2906\" \/><\/a><\/div>\t\t\t<\/div>\n\t\t<\/div>\n\t\t<div class=\"themetechmount-box-bottom-content\">\t\t\n\t\t\t<div class=\"themetechmount-box-desc\">\n\t\t\t\t<div class=\"tm-short-desc\">\n\t\t\t\t\t<p>Busca tu auto nuevo o usado, aqu\u00ed te podemos ayudar.<\/p>\n\t\t\t\t<\/div>\n\t\t\t<\/div> \n\t\t\t<div class=\"themetechmount-serviceboxbox-readmore\">\n\t\t\t\t<a href=\"https:\/\/admichess.com\/floridacoop\/service\/prestamo-de-auto\/\"><span class=\"tm-btn-icon-arrow\"><\/span><\/a>\n\t\t\t<\/div>\n\t\t<\/div>\n\t<\/div>\n<\/article><\/div><div class=\"tm-box-col-wrapper col-lg-4 col-sm-6 col-md-4 col-xs-12 \"><article class=\"themetechmount-box themetechmount-box-service themetechmount-service-box-style2 \">\n\t<div class=\"themetechmount-post-item\">\t\n\t\t<div class=\"tm-box-top-content\">\t\n\t\t\t<div class=\"themetechmount-box-title\"><h4><a href=\"https:\/\/admichess.com\/floridacoop\/service\/prestamo-para-enseres\/\">Pr\u00e9stamo para Enseres<\/a><\/h4><\/div>\t\t\t<div class=\"themetechmount-post-item-inner\">\n\t\t\t\t<div class=\"tm-featured-wrapper tm-tm_service-featured-wrapper\"><a href=\"https:\/\/admichess.com\/floridacoop\/service\/prestamo-para-enseres\/\"><img loading=\"lazy\" decoding=\"async\" width=\"740\" height=\"362\" src=\"https:\/\/admichess.com\/floridacoop\/wp-content\/uploads\/2021\/08\/enseres-copy-740x362.png\" class=\"attachment-themetechmount-img-servicebox size-themetechmount-img-servicebox wp-post-image\" alt=\"\" data-id=\"2913\" \/><\/a><\/div>\t\t\t<\/div>\n\t\t<\/div>\n\t\t<div class=\"themetechmount-box-bottom-content\">\t\t\n\t\t\t<div class=\"themetechmount-box-desc\">\n\t\t\t\t<div class=\"tm-short-desc\">\n\t\t\t\t\t<p>Disfruta de la comodidad de tu hogar u oficina solicitando nuestro pr\u00e9stamo para enseres.<\/p>\n\t\t\t\t<\/div>\n\t\t\t<\/div> \n\t\t\t<div class=\"themetechmount-serviceboxbox-readmore\">\n\t\t\t\t<a href=\"https:\/\/admichess.com\/floridacoop\/service\/prestamo-para-enseres\/\"><span class=\"tm-btn-icon-arrow\"><\/span><\/a>\n\t\t\t<\/div>\n\t\t<\/div>\n\t<\/div>\n<\/article><\/div><div class=\"tm-box-col-wrapper col-lg-4 col-sm-6 col-md-4 col-xs-12 \"><article class=\"themetechmount-box themetechmount-box-service themetechmount-service-box-style2 \">\n\t<div class=\"themetechmount-post-item\">\t\n\t\t<div class=\"tm-box-top-content\">\t\n\t\t\t<div class=\"themetechmount-box-title\"><h4><a href=\"https:\/\/admichess.com\/floridacoop\/service\/poliza-de-seguros\/\">P\u00f3liza de Seguros<\/a><\/h4><\/div>\t\t\t<div class=\"themetechmount-post-item-inner\">\n\t\t\t\t<div class=\"tm-featured-wrapper tm-tm_service-featured-wrapper\"><a href=\"https:\/\/admichess.com\/floridacoop\/service\/poliza-de-seguros\/\"><img loading=\"lazy\" decoding=\"async\" width=\"740\" height=\"362\" src=\"https:\/\/admichess.com\/floridacoop\/wp-content\/uploads\/2021\/08\/seguro-740x362.png\" class=\"attachment-themetechmount-img-servicebox size-themetechmount-img-servicebox wp-post-image\" alt=\"\" data-id=\"2909\" \/><\/a><\/div>\t\t\t<\/div>\n\t\t<\/div>\n\t\t<div class=\"themetechmount-box-bottom-content\">\t\t\n\t\t\t<div class=\"themetechmount-box-desc\">\n\t\t\t\t<div class=\"tm-short-desc\">\n\t\t\t\t\t<p>Financiamos tu p\u00f3liza de seguro de propiedad, responsabilidad p\u00fablica o auto al inter\u00e9s m\u00e1s bajo en el mercado.<\/p>\n\t\t\t\t<\/div>\n\t\t\t<\/div> \n\t\t\t<div class=\"themetechmount-serviceboxbox-readmore\">\n\t\t\t\t<a href=\"https:\/\/admichess.com\/floridacoop\/service\/poliza-de-seguros\/\"><span class=\"tm-btn-icon-arrow\"><\/span><\/a>\n\t\t\t<\/div>\n\t\t<\/div>\n\t<\/div>\n<\/article><\/div><div class=\"tm-box-col-wrapper col-lg-4 col-sm-6 col-md-4 col-xs-12 \"><article class=\"themetechmount-box themetechmount-box-service themetechmount-service-box-style2 \">\n\t<div class=\"themetechmount-post-item\">\t\n\t\t<div class=\"tm-box-top-content\">\t\n\t\t\t<div class=\"themetechmount-box-title\"><h4><a href=\"https:\/\/admichess.com\/floridacoop\/service\/linea-de-credito\/\">L\u00ednea de Cr\u00e9dito<\/a><\/h4><\/div>\t\t\t<div class=\"themetechmount-post-item-inner\">\n\t\t\t\t<div class=\"tm-featured-wrapper tm-tm_service-featured-wrapper\"><a href=\"https:\/\/admichess.com\/floridacoop\/service\/linea-de-credito\/\"><img loading=\"lazy\" decoding=\"async\" width=\"740\" height=\"362\" src=\"https:\/\/admichess.com\/floridacoop\/wp-content\/uploads\/2021\/08\/lineadecredito-740x362.png\" class=\"attachment-themetechmount-img-servicebox size-themetechmount-img-servicebox wp-post-image\" alt=\"\" data-id=\"2907\" \/><\/a><\/div>\t\t\t<\/div>\n\t\t<\/div>\n\t\t<div class=\"themetechmount-box-bottom-content\">\t\t\n\t\t\t<div class=\"themetechmount-box-desc\">\n\t\t\t\t<div class=\"tm-short-desc\">\n\t\t\t\t\t<p>Nuestra cuenta rotativa, le ayuda a cubrir los gastos recurrentes personales o de negocio.<\/p>\n\t\t\t\t<\/div>\n\t\t\t<\/div> \n\t\t\t<div class=\"themetechmount-serviceboxbox-readmore\">\n\t\t\t\t<a href=\"https:\/\/admichess.com\/floridacoop\/service\/linea-de-credito\/\"><span class=\"tm-btn-icon-arrow\"><\/span><\/a>\n\t\t\t<\/div>\n\t\t<\/div>\n\t<\/div>\n<\/article><\/div><div class=\"tm-box-col-wrapper col-lg-4 col-sm-6 col-md-4 col-xs-12 \"><article class=\"themetechmount-box themetechmount-box-service themetechmount-service-box-style2 \">\n\t<div class=\"themetechmount-post-item\">\t\n\t\t<div class=\"tm-box-top-content\">\t\n\t\t\t<div class=\"themetechmount-box-title\"><h4><a href=\"https:\/\/admichess.com\/floridacoop\/service\/mastercard-clasica-estudiantil\/\">Mastercard Cl\u00e1sica | Estudiantil<\/a><\/h4><\/div>\t\t\t<div class=\"themetechmount-post-item-inner\">\n\t\t\t\t<div class=\"tm-featured-wrapper tm-tm_service-featured-wrapper\"><a href=\"https:\/\/admichess.com\/floridacoop\/service\/mastercard-clasica-estudiantil\/\"><img loading=\"lazy\" decoding=\"async\" width=\"740\" height=\"362\" src=\"https:\/\/admichess.com\/floridacoop\/wp-content\/uploads\/2021\/08\/estudiantil-740x362.png\" class=\"attachment-themetechmount-img-servicebox size-themetechmount-img-servicebox wp-post-image\" alt=\"\" data-id=\"2908\" \/><\/a><\/div>\t\t\t<\/div>\n\t\t<\/div>\n\t\t<div class=\"themetechmount-box-bottom-content\">\t\t\n\t\t\t<div class=\"themetechmount-box-desc\">\n\t\t\t\t<div class=\"tm-short-desc\">\n\t\t\t\t\t<p>\u00a1Compra sin l\u00edmites!<\/p>\n\t\t\t\t<\/div>\n\t\t\t<\/div> \n\t\t\t<div class=\"themetechmount-serviceboxbox-readmore\">\n\t\t\t\t<a href=\"https:\/\/admichess.com\/floridacoop\/service\/mastercard-clasica-estudiantil\/\"><span class=\"tm-btn-icon-arrow\"><\/span><\/a>\n\t\t\t<\/div>\n\t\t<\/div>\n\t<\/div>\n<\/article><\/div>\n\t\t\t<\/div>\n\t\t<\/div><!-- .themetechmount-boxes-inner -->   <\/div><!-- .themetechmount-boxes -->  [\/vc_column][\/vc_row]<\/p>\n","protected":false},"excerpt":{"rendered":"<p>[vc_row][vc_column][\/vc_column][vc_column][\/vc_column][\/vc_row]<\/p>\n","protected":false},"author":1,"featured_media":0,"parent":0,"menu_order":0,"comment_status":"closed","ping_status":"closed","template":"","meta":{"footnotes":""},"class_list":["post-2498","page","type-page","status-publish","hentry"],"_links":{"self":[{"href":"https:\/\/admichess.com\/floridacoop\/wp-json\/wp\/v2\/pages\/2498","targetHints":{"allow":["GET"]}}],"collection":[{"href":"https:\/\/admichess.com\/floridacoop\/wp-json\/wp\/v2\/pages"}],"about":[{"href":"https:\/\/admichess.com\/floridacoop\/wp-json\/wp\/v2\/types\/page"}],"author":[{"embeddable":true,"href":"https:\/\/admichess.com\/floridacoop\/wp-json\/wp\/v2\/users\/1"}],"replies":[{"embeddable":true,"href":"https:\/\/admichess.com\/floridacoop\/wp-json\/wp\/v2\/comments?post=2498"}],"version-history":[{"count":8,"href":"https:\/\/admichess.com\/floridacoop\/wp-json\/wp\/v2\/pages\/2498\/revisions"}],"predecessor-version":[{"id":2767,"href":"https:\/\/admichess.com\/floridacoop\/wp-json\/wp\/v2\/pages\/2498\/revisions\/2767"}],"wp:attachment":[{"href":"https:\/\/admichess.com\/floridacoop\/wp-json\/wp\/v2\/media?parent=2498"}],"curies":[{"name":"wp","href":"https:\/\/api.w.org\/{rel}","templated":true}]}}