{"id":2705,"date":"2021-08-12T19:19:50","date_gmt":"2021-08-12T19:19:50","guid":{"rendered":"http:\/\/admichess.com\/floridacoop\/?page_id=2705"},"modified":"2021-08-12T19:34:30","modified_gmt":"2021-08-12T19:34:30","slug":"solicitud-de-prestamo-sucursal-barceloneta","status":"publish","type":"page","link":"https:\/\/admichess.com\/floridacoop\/solicitud-de-prestamo-sucursal-barceloneta\/","title":{"rendered":"Solicitud de Pr\u00e9stamo &#8211; Sucursal Barceloneta"},"content":{"rendered":"<div class=\"wpforms-container wpforms-container-full\" id=\"wpforms-2706\"><form id=\"wpforms-form-2706\" class=\"wpforms-validate wpforms-form\" data-formid=\"2706\" method=\"post\" enctype=\"multipart\/form-data\" action=\"\/floridacoop\/wp-json\/wp\/v2\/pages\/2705\" data-token=\"d95fa2b9f3fe6afd8d6b6db15bc46772\"><div class=\"wpforms-head-container\"><div class=\"wpforms-title\">Solicitud de Pr\u00e9stamo - Sucursal Barceloneta<\/div><div class=\"wpforms-description\">Solicita tu pr\u00e9stamo online f\u00e1cil y r\u00e1pido. Todos los encasillados con (*) son requisitos.<\/div><\/div><noscript class=\"wpforms-error-noscript\">Please enable JavaScript in your browser to complete this form.<\/noscript><div class=\"wpforms-field-container\"><div id=\"wpforms-2706-field_1-container\" class=\"wpforms-field wpforms-field-text\" data-field-id=\"1\"><label class=\"wpforms-field-label\" for=\"wpforms-2706-field_1\">Fecha <span class=\"wpforms-required-label\">*<\/span><\/label><input type=\"text\" id=\"wpforms-2706-field_1\" class=\"wpforms-field-medium wpforms-field-required\" name=\"wpforms[fields][1]\" placeholder=\"MM\/DD\/YYYY\" required><\/div><div id=\"wpforms-2706-field_3-container\" class=\"wpforms-field wpforms-field-text\" data-field-id=\"3\"><label class=\"wpforms-field-label\" for=\"wpforms-2706-field_3\">Nombre Completo <span class=\"wpforms-required-label\">*<\/span><\/label><input type=\"text\" id=\"wpforms-2706-field_3\" class=\"wpforms-field-medium wpforms-field-required\" name=\"wpforms[fields][3]\" required><\/div><div id=\"wpforms-2706-field_4-container\" class=\"wpforms-field wpforms-field-number\" data-field-id=\"4\"><label class=\"wpforms-field-label\" for=\"wpforms-2706-field_4\">N\u00famero de Socio (si aplica)<\/label><input type=\"number\" pattern=\"\\d*\" id=\"wpforms-2706-field_4\" class=\"wpforms-field-medium\" name=\"wpforms[fields][4]\" ><\/div><div id=\"wpforms-2706-field_5-container\" class=\"wpforms-field wpforms-field-number\" data-field-id=\"5\"><label class=\"wpforms-field-label\" for=\"wpforms-2706-field_5\">Seguro Social <span class=\"wpforms-required-label\">*<\/span><\/label><input type=\"number\" pattern=\"\\d*\" id=\"wpforms-2706-field_5\" class=\"wpforms-field-medium wpforms-field-required\" name=\"wpforms[fields][5]\" required><\/div><div id=\"wpforms-2706-field_6-container\" class=\"wpforms-field wpforms-field-number\" data-field-id=\"6\"><label class=\"wpforms-field-label\" for=\"wpforms-2706-field_6\">N\u00famero de Licencia <span class=\"wpforms-required-label\">*<\/span><\/label><input type=\"number\" pattern=\"\\d*\" id=\"wpforms-2706-field_6\" class=\"wpforms-field-medium wpforms-field-required\" name=\"wpforms[fields][6]\" required><\/div><div id=\"wpforms-2706-field_7-container\" class=\"wpforms-field wpforms-field-text\" data-field-id=\"7\"><label class=\"wpforms-field-label\" for=\"wpforms-2706-field_7\">Fecha de Expiraci\u00f3n de Licencia <span class=\"wpforms-required-label\">*<\/span><\/label><input type=\"text\" id=\"wpforms-2706-field_7\" class=\"wpforms-field-medium wpforms-field-required\" name=\"wpforms[fields][7]\" placeholder=\"MM\/DD\/YYYY\" required><\/div><div id=\"wpforms-2706-field_8-container\" class=\"wpforms-field wpforms-field-textarea\" data-field-id=\"8\"><label class=\"wpforms-field-label\" for=\"wpforms-2706-field_8\">Direcci\u00f3n F\u00edsica <span class=\"wpforms-required-label\">*<\/span><\/label><textarea id=\"wpforms-2706-field_8\" class=\"wpforms-field-medium wpforms-field-required\" name=\"wpforms[fields][8]\" required><\/textarea><\/div><div id=\"wpforms-2706-field_9-container\" class=\"wpforms-field wpforms-field-textarea\" data-field-id=\"9\"><label class=\"wpforms-field-label\" for=\"wpforms-2706-field_9\">Direcci\u00f3n Postal <span class=\"wpforms-required-label\">*<\/span><\/label><textarea id=\"wpforms-2706-field_9\" class=\"wpforms-field-medium wpforms-field-required\" name=\"wpforms[fields][9]\" required><\/textarea><\/div><div id=\"wpforms-2706-field_10-container\" class=\"wpforms-field wpforms-field-number\" data-field-id=\"10\"><label class=\"wpforms-field-label\" for=\"wpforms-2706-field_10\">N\u00famero de Tel\u00e9fono <span class=\"wpforms-required-label\">*<\/span><\/label><input type=\"number\" pattern=\"\\d*\" id=\"wpforms-2706-field_10\" class=\"wpforms-field-medium wpforms-field-required\" name=\"wpforms[fields][10]\" required><\/div><div id=\"wpforms-2706-field_11-container\" class=\"wpforms-field wpforms-field-email\" data-field-id=\"11\"><label class=\"wpforms-field-label\" for=\"wpforms-2706-field_11\">Correo Electr\u00f3nico <span class=\"wpforms-required-label\">*<\/span><\/label><input type=\"email\" id=\"wpforms-2706-field_11\" class=\"wpforms-field-medium wpforms-field-required\" name=\"wpforms[fields][11]\" required><\/div><div id=\"wpforms-2706-field_13-container\" class=\"wpforms-field wpforms-field-text\" data-field-id=\"13\"><label class=\"wpforms-field-label\" for=\"wpforms-2706-field_13\">Lugar de Empleo <span class=\"wpforms-required-label\">*<\/span><\/label><input type=\"text\" id=\"wpforms-2706-field_13\" class=\"wpforms-field-medium wpforms-field-required\" name=\"wpforms[fields][13]\" required><\/div><div id=\"wpforms-2706-field_12-container\" class=\"wpforms-field wpforms-field-text\" data-field-id=\"12\"><label class=\"wpforms-field-label\" for=\"wpforms-2706-field_12\">Ocupaci\u00f3n <span class=\"wpforms-required-label\">*<\/span><\/label><input type=\"text\" id=\"wpforms-2706-field_12\" class=\"wpforms-field-medium wpforms-field-required\" name=\"wpforms[fields][12]\" required><\/div><div id=\"wpforms-2706-field_15-container\" class=\"wpforms-field wpforms-field-number\" data-field-id=\"15\"><label class=\"wpforms-field-label\" for=\"wpforms-2706-field_15\">Tel\u00e9fono de Empleo <span class=\"wpforms-required-label\">*<\/span><\/label><input type=\"number\" pattern=\"\\d*\" id=\"wpforms-2706-field_15\" class=\"wpforms-field-medium wpforms-field-required\" name=\"wpforms[fields][15]\" required><\/div><div id=\"wpforms-2706-field_16-container\" class=\"wpforms-field wpforms-field-text\" data-field-id=\"16\"><label class=\"wpforms-field-label\" for=\"wpforms-2706-field_16\">Tiempo en el empleo <span class=\"wpforms-required-label\">*<\/span><\/label><input type=\"text\" id=\"wpforms-2706-field_16\" class=\"wpforms-field-medium wpforms-field-required\" name=\"wpforms[fields][16]\" required><\/div><div id=\"wpforms-2706-field_41-container\" class=\"wpforms-field wpforms-field-radio\" data-field-id=\"41\"><label class=\"wpforms-field-label\" for=\"wpforms-2706-field_41\">Empleo <span class=\"wpforms-required-label\">*<\/span><\/label><ul id=\"wpforms-2706-field_41\" class=\"wpforms-field-required\"><li class=\"choice-1 depth-1\"><input type=\"radio\" id=\"wpforms-2706-field_41_1\" name=\"wpforms[fields][41]\" value=\"Permanente\" required ><label class=\"wpforms-field-label-inline\" for=\"wpforms-2706-field_41_1\">Permanente<\/label><\/li><li class=\"choice-2 depth-1\"><input type=\"radio\" id=\"wpforms-2706-field_41_2\" name=\"wpforms[fields][41]\" value=\"Tiempo Parcial\" required ><label class=\"wpforms-field-label-inline\" for=\"wpforms-2706-field_41_2\">Tiempo Parcial<\/label><\/li><li class=\"choice-3 depth-1\"><input type=\"radio\" id=\"wpforms-2706-field_41_3\" name=\"wpforms[fields][41]\" value=\"Temporero\" required ><label class=\"wpforms-field-label-inline\" for=\"wpforms-2706-field_41_3\">Temporero<\/label><\/li><li class=\"choice-4 depth-1\"><input type=\"radio\" id=\"wpforms-2706-field_41_4\" name=\"wpforms[fields][41]\" value=\"Negocio Propio\" required ><label class=\"wpforms-field-label-inline\" for=\"wpforms-2706-field_41_4\">Negocio Propio<\/label><\/li><\/ul><\/div><div id=\"wpforms-2706-field_25-container\" class=\"wpforms-field wpforms-field-textarea\" data-field-id=\"25\"><label class=\"wpforms-field-label\" for=\"wpforms-2706-field_25\">Direcci\u00f3n Empleo <span class=\"wpforms-required-label\">*<\/span><\/label><textarea id=\"wpforms-2706-field_25\" class=\"wpforms-field-medium wpforms-field-required\" name=\"wpforms[fields][25]\" required><\/textarea><\/div><div id=\"wpforms-2706-field_27-container\" class=\"wpforms-field wpforms-field-number\" data-field-id=\"27\"><label class=\"wpforms-field-label\" for=\"wpforms-2706-field_27\">Ingreso Mensual <span class=\"wpforms-required-label\">*<\/span><\/label><input type=\"number\" pattern=\"\\d*\" id=\"wpforms-2706-field_27\" class=\"wpforms-field-medium wpforms-field-required\" name=\"wpforms[fields][27]\" required><\/div><div id=\"wpforms-2706-field_28-container\" class=\"wpforms-field wpforms-field-radio\" data-field-id=\"28\"><label class=\"wpforms-field-label\" for=\"wpforms-2706-field_28\">Ingreso <span class=\"wpforms-required-label\">*<\/span><\/label><ul id=\"wpforms-2706-field_28\" class=\"wpforms-field-required\"><li class=\"choice-1 depth-1\"><input type=\"radio\" id=\"wpforms-2706-field_28_1\" name=\"wpforms[fields][28]\" value=\"Bruto\" required ><label class=\"wpforms-field-label-inline\" for=\"wpforms-2706-field_28_1\">Bruto<\/label><\/li><li class=\"choice-2 depth-1\"><input type=\"radio\" id=\"wpforms-2706-field_28_2\" name=\"wpforms[fields][28]\" value=\"Neto\" required ><label class=\"wpforms-field-label-inline\" for=\"wpforms-2706-field_28_2\">Neto<\/label><\/li><\/ul><\/div><div id=\"wpforms-2706-field_29-container\" class=\"wpforms-field wpforms-field-text\" data-field-id=\"29\"><label class=\"wpforms-field-label\" for=\"wpforms-2706-field_29\">Otros ingresos<\/label><input type=\"text\" id=\"wpforms-2706-field_29\" class=\"wpforms-field-medium\" name=\"wpforms[fields][29]\" ><\/div><div id=\"wpforms-2706-field_35-container\" class=\"wpforms-field wpforms-field-text\" data-field-id=\"35\"><label class=\"wpforms-field-label\" for=\"wpforms-2706-field_35\">Procedencia<\/label><input type=\"text\" id=\"wpforms-2706-field_35\" class=\"wpforms-field-medium\" name=\"wpforms[fields][35]\" ><\/div><div id=\"wpforms-2706-field_40-container\" class=\"wpforms-field wpforms-field-radio\" data-field-id=\"40\"><label class=\"wpforms-field-label\" for=\"wpforms-2706-field_40\">Tipo de Pr\u00e9stamo <span class=\"wpforms-required-label\">*<\/span><\/label><ul id=\"wpforms-2706-field_40\" class=\"wpforms-field-required\"><li class=\"choice-2 depth-1\"><input type=\"radio\" id=\"wpforms-2706-field_40_2\" name=\"wpforms[fields][40]\" value=\"Personal\" required ><label class=\"wpforms-field-label-inline\" for=\"wpforms-2706-field_40_2\">Personal<\/label><\/li><li class=\"choice-4 depth-1\"><input type=\"radio\" id=\"wpforms-2706-field_40_4\" name=\"wpforms[fields][40]\" value=\"Personal con Colateral\" required ><label class=\"wpforms-field-label-inline\" for=\"wpforms-2706-field_40_4\">Personal con Colateral<\/label><\/li><li class=\"choice-3 depth-1\"><input type=\"radio\" id=\"wpforms-2706-field_40_3\" name=\"wpforms[fields][40]\" value=\"Hipotecario\" required ><label class=\"wpforms-field-label-inline\" for=\"wpforms-2706-field_40_3\">Hipotecario<\/label><\/li><li class=\"choice-5 depth-1\"><input type=\"radio\" id=\"wpforms-2706-field_40_5\" name=\"wpforms[fields][40]\" value=\"Personal Hipotecario\" required ><label class=\"wpforms-field-label-inline\" for=\"wpforms-2706-field_40_5\">Personal Hipotecario<\/label><\/li><li class=\"choice-1 depth-1\"><input type=\"radio\" id=\"wpforms-2706-field_40_1\" name=\"wpforms[fields][40]\" value=\"Auto\" required ><label class=\"wpforms-field-label-inline\" for=\"wpforms-2706-field_40_1\">Auto<\/label><\/li><li class=\"choice-6 depth-1\"><input type=\"radio\" id=\"wpforms-2706-field_40_6\" name=\"wpforms[fields][40]\" value=\"Pr\u00e9stamo para Enseres\" required ><label class=\"wpforms-field-label-inline\" for=\"wpforms-2706-field_40_6\">Pr\u00e9stamo para Enseres<\/label><\/li><li class=\"choice-7 depth-1\"><input type=\"radio\" id=\"wpforms-2706-field_40_7\" name=\"wpforms[fields][40]\" value=\"P\u00f3liza de Seguros\" required ><label class=\"wpforms-field-label-inline\" for=\"wpforms-2706-field_40_7\">P\u00f3liza de Seguros<\/label><\/li><li class=\"choice-8 depth-1\"><input type=\"radio\" id=\"wpforms-2706-field_40_8\" name=\"wpforms[fields][40]\" value=\"L\u00ednea de Cr\u00e9dito\" required ><label class=\"wpforms-field-label-inline\" for=\"wpforms-2706-field_40_8\">L\u00ednea de Cr\u00e9dito<\/label><\/li><li class=\"choice-9 depth-1\"><input type=\"radio\" id=\"wpforms-2706-field_40_9\" name=\"wpforms[fields][40]\" value=\"MasterCard Cl\u00e1sica\" required ><label class=\"wpforms-field-label-inline\" for=\"wpforms-2706-field_40_9\">MasterCard Cl\u00e1sica<\/label><\/li><li class=\"choice-10 depth-1\"><input type=\"radio\" id=\"wpforms-2706-field_40_10\" name=\"wpforms[fields][40]\" value=\"MasterCard Estudiantil\" required ><label class=\"wpforms-field-label-inline\" for=\"wpforms-2706-field_40_10\">MasterCard Estudiantil<\/label><\/li><\/ul><\/div><div id=\"wpforms-2706-field_31-container\" class=\"wpforms-field wpforms-field-number\" data-field-id=\"31\"><label class=\"wpforms-field-label\" for=\"wpforms-2706-field_31\">Cantidad Solicitada  <span class=\"wpforms-required-label\">*<\/span><\/label><input type=\"number\" pattern=\"\\d*\" id=\"wpforms-2706-field_31\" class=\"wpforms-field-medium wpforms-field-required\" name=\"wpforms[fields][31]\" required><\/div><div id=\"wpforms-2706-field_32-container\" class=\"wpforms-field wpforms-field-number\" data-field-id=\"32\"><label class=\"wpforms-field-label\" for=\"wpforms-2706-field_32\">Plazos (a\u00f1os)<\/label><input type=\"number\" pattern=\"\\d*\" id=\"wpforms-2706-field_32\" class=\"wpforms-field-medium\" name=\"wpforms[fields][32]\" ><\/div><div id=\"wpforms-2706-field_33-container\" class=\"wpforms-field wpforms-field-text\" data-field-id=\"33\"><label class=\"wpforms-field-label\" for=\"wpforms-2706-field_33\">Emp\u00edrica (si la conoce)<\/label><input type=\"text\" id=\"wpforms-2706-field_33\" class=\"wpforms-field-medium\" name=\"wpforms[fields][33]\" ><\/div><div id=\"wpforms-2706-field_37-container\" class=\"wpforms-field wpforms-field-textarea\" data-field-id=\"37\"><label class=\"wpforms-field-label\" for=\"wpforms-2706-field_37\">Prop\u00f3sito del Pr\u00e9stamo <span class=\"wpforms-required-label\">*<\/span><\/label><textarea id=\"wpforms-2706-field_37\" class=\"wpforms-field-medium wpforms-field-required\" name=\"wpforms[fields][37]\" required><\/textarea><\/div><div id=\"wpforms-2706-field_38-container\" class=\"wpforms-field wpforms-field-checkbox\" data-field-id=\"38\"><label class=\"wpforms-field-label\" for=\"wpforms-2706-field_38\">Autorizo a la Cooperativa Florida Coop a obtener mi informe de cr\u00e9dito y corroborar toda la informaci\u00f3n contenida en esta solicitud que ha sido radicada electr\u00f3nicamente. Entiendo que la informaci\u00f3n suministrada ser\u00e1 utilizada exclusivamente para confirmar mi identidad, por lo cual se me podr\u00e1 requerir evidencia o documentos adicionales (identificaci\u00f3n con foto, seguro social, talonarios o certificaciones de ingresos, entre otros).  <span class=\"wpforms-required-label\">*<\/span><\/label><ul id=\"wpforms-2706-field_38\" class=\"wpforms-field-required\"><li class=\"choice-1 depth-1\"><input type=\"checkbox\" id=\"wpforms-2706-field_38_1\" name=\"wpforms[fields][38][]\" value=\"Acepto\" required ><label class=\"wpforms-field-label-inline\" for=\"wpforms-2706-field_38_1\">Acepto<\/label><\/li><\/ul><\/div><\/div><div class=\"wpforms-submit-container\" ><input type=\"hidden\" name=\"wpforms[id]\" value=\"2706\"><input type=\"hidden\" name=\"wpforms[author]\" value=\"1\"><button type=\"submit\" name=\"wpforms[submit]\" class=\"wpforms-submit \" id=\"wpforms-submit-2706\" value=\"wpforms-submit\" aria-live=\"assertive\" data-alt-text=\"Enviando...\" data-submit-text=\"Enviar\">Enviar<\/button><\/div><\/form><\/div>  <!-- .wpforms-container -->\n","protected":false},"excerpt":{"rendered":"Solicitud de Pr\u00e9stamo - Sucursal BarcelonetaSolicita tu pr\u00e9stamo online f\u00e1cil y r\u00e1pido. Todos los encasillados con (*) son requisitos.Please enable JavaScript in your browser to complete this form.Fecha *Nombre Completo *N\u00famero de Socio (si aplica)Seguro Social *N\u00famero de Licencia *Fecha de Expiraci\u00f3n de Licencia *Direcci\u00f3n F\u00edsica *Direcci\u00f3n Postal *N\u00famero de Tel\u00e9fono *Correo Electr\u00f3nico *Lugar de &hellip; <a href=\"https:\/\/admichess.com\/floridacoop\/solicitud-de-prestamo-sucursal-barceloneta\/\" class=\"more-link\">Continue reading <span class=\"screen-reader-text\">Solicitud de Pr\u00e9stamo &#8211; Sucursal Barceloneta<\/span><\/a>","protected":false},"author":1,"featured_media":0,"parent":0,"menu_order":0,"comment_status":"closed","ping_status":"closed","template":"","meta":{"footnotes":""},"class_list":["post-2705","page","type-page","status-publish","hentry"],"_links":{"self":[{"href":"https:\/\/admichess.com\/floridacoop\/wp-json\/wp\/v2\/pages\/2705","targetHints":{"allow":["GET"]}}],"collection":[{"href":"https:\/\/admichess.com\/floridacoop\/wp-json\/wp\/v2\/pages"}],"about":[{"href":"https:\/\/admichess.com\/floridacoop\/wp-json\/wp\/v2\/types\/page"}],"author":[{"embeddable":true,"href":"https:\/\/admichess.com\/floridacoop\/wp-json\/wp\/v2\/users\/1"}],"replies":[{"embeddable":true,"href":"https:\/\/admichess.com\/floridacoop\/wp-json\/wp\/v2\/comments?post=2705"}],"version-history":[{"count":2,"href":"https:\/\/admichess.com\/floridacoop\/wp-json\/wp\/v2\/pages\/2705\/revisions"}],"predecessor-version":[{"id":2709,"href":"https:\/\/admichess.com\/floridacoop\/wp-json\/wp\/v2\/pages\/2705\/revisions\/2709"}],"wp:attachment":[{"href":"https:\/\/admichess.com\/floridacoop\/wp-json\/wp\/v2\/media?parent=2705"}],"curies":[{"name":"wp","href":"https:\/\/api.w.org\/{rel}","templated":true}]}}