{"id":855,"date":"2019-04-20T05:56:54","date_gmt":"2019-04-20T05:56:54","guid":{"rendered":"http:\/\/localhost\/Business\/?page_id=855"},"modified":"2021-09-22T14:26:12","modified_gmt":"2021-09-22T14:26:12","slug":"about-us-1","status":"publish","type":"page","link":"https:\/\/admichess.com\/floridacoop\/about-us-1\/","title":{"rendered":"Nosotros"},"content":{"rendered":"<p>[vc_row tm_bgcolor=&#8221;grey&#8221; tm_bgimage_position=&#8221;right_bottom&#8221; tm_bgimagefixed=&#8221;&#8221; full_width=&#8221;stretch_row&#8221; css=&#8221;.vc_custom_1628877566495{padding-bottom: 65px !important;background-image: url(https:\/\/admichess.com\/floridacoop\/wp-content\/uploads\/2021\/08\/8-Li\u0301nea-de-Cre\u0301dito.png?id=2565) !important;background-position: center !important;background-repeat: no-repeat !important;background-size: cover !important;}&#8221; tm_responsive_css=&#8221;46825733|colbreak_no|||||||||colbreak_no|||||45px||20px||colbreak_no||||||||||colbreak_no|||||||||&#8221;][vc_column]<div class=\"tm-element-heading-wrapper tm-heading-inner tm-element-align-center tm-seperator-solid tm-heading-style-vertical \"><section class=\"tm-vc_cta3-container\"><div class=\"tm-vc_general tm-vc_cta3 tm-cta3-only tm-vc_cta3-style-classic tm-vc_cta3-shape-rounded tm-vc_cta3-align-center tm-vc_cta3-color-transparent tm-vc_cta3-icon-size-md tm-vc_cta3-actions-no tm-cta3-without-desc\"><div class=\"tm-vc_cta3_content-container\"><div class=\"tm-vc_cta3-content\"><header class=\"tm-vc_cta3-content-header tm-wrap\"><div class=\"tm-vc_cta3-headers tm-wrap-cell\"><h4 style=\"color:#f1d647;\" class=\"tm-custom-heading \" >Con\u00f3cenos<\/h4>\n<h2 class=\"tm-custom-heading \" >Sobre Florida Coop<\/h2>\n<\/div><\/header><\/div><\/div><\/div><\/section><\/div> <!-- .tm-element-heading-wrapper container --> [vc_row_inner el_class=&#8221;tm-sbox-border-right&#8221;][vc_column_inner width=&#8221;1\/3&#8243;]<div class=\"tm-sbox tm-sbox-iconalign-before-heading none tm-sbox-bgcolor-transparent tm-bgcolor-transparent tm-sbox-textcolor- tm-textcolor- tm-sbox-isize-lg tm-sbox-isize-lg tm-sbox-istyle-none  tm-sbox-heading-only\"><section class=\"tm-vc_cta3-container\"><div class=\"tm-vc_general tm-vc_cta3 tm-vc_cta3-align-left tm-vc_cta3-icon-size-lg tm-vc_cta3-icons-beforeheading tm-vc_cta3-actions-no\"><div class=\"tm-vc_cta3_content-container\"><div class=\"tm-vc_cta3-content\"><div class=\"tm-vc_cta3-content-header tm-wrap\"><div class=\"tm-vc_cta3-icons tm-wrap-cell\"><div class=\"tm-vc_icon_element tm-vc_icon_element-outer tm-vc_icon_element-align-left \"><div class=\"tm-vc_icon_element-inner  tm-vc_icon_element-color-custom tm-vc_icon_element-size-lg tm-vc_icon_element-style-none tm-vc_icon_element-background-color-grey\" ><span class=\"tm-vc_icon_element-icon themifyicon ti-book\" style=\"color:#46bebc !important\"><\/span><\/div><\/div><\/div><div class=\"tm-vc_cta3-headers tm-wrap-cell\"><h2 class=\"tm-custom-heading \" >Nuestra Historia<\/h2>\n<\/div><\/div><\/div><div class=\"tm-cta3-desc-btn-wrapper\"><div class=\"tm-cta3-description\"><\/div><\/div><\/div><\/div><\/section><\/div>[\/vc_column_inner][vc_column_inner tm_textcolor=&#8221;dark&#8221; width=&#8221;2\/3&#8243; css=&#8221;.vc_custom_1628877442875{padding-left: 45px !important;}&#8221;][vc_column_text]<\/p>\n<p class=\"font_8\"><span class=\"color_14\">La Cooperativa de Ahorro y Cr\u00e9dito de Florida se fund\u00f3 el 3 de mayo del 1953, siendo la primera instituci\u00f3n financiera en nuestro pueblo. La Cooperativa de Ahorro y Cr\u00e9dito de Florida est\u00e1 registrada como una instituci\u00f3n sin fines de lucro y certificada por el Comisionado de Instituciones Financieras y la Corporaci\u00f3n para el Seguro de Acciones y Dep\u00f3sitos de las Cooperativas de Puerto Rico (COSSEC).<\/span><\/p>\n<p class=\"font_8\"><span class=\"color_14\"><span class=\"wixGuard\">\u200b<\/span><\/span><\/p>\n<p class=\"font_8\"><span class=\"color_14\">Nuestro objetivo principal es ofrecer a nuestros socios y clientes un servicio de excelencia al menor costo posible. Nuestra meta principal es proveer las alternativas para efectuar sus transacciones con rapidez, eficacia, econom\u00eda y seguridad.<\/span><\/p>\n<p class=\"font_8\"><span class=\"color_14\">Estamos convencidos que un socio bien informado es nuestra mejor garant\u00eda de patrocinio y crecimiento. Por ello, hemos desarrollado esta p\u00e1gina, para que usted conozca la gama de servicios y productos que le ofrecemos en la Cooperativa Ahorro y Cr\u00e9dito de Florida.<\/span><\/p>\n<p class=\"font_8\"><span class=\"color_14\"><span class=\"wixGuard\">\u200b<\/span><\/span><\/p>\n<p class=\"font_8\"><span class=\"color_14\">Le invitamos a que nos visite en nuestras oficinas, donde nuestros oficiales y empleados le ayudar\u00e1n a seleccionar los productos que mejor se ajusten a sus necesidades.<\/span><\/p>\n<p class=\"font_8\"><span class=\"color_14\">Les esperamos.<\/span><\/p>\n<p>[\/vc_column_text][\/vc_column_inner][\/vc_row_inner][vc_row_inner el_class=&#8221;tm-sbox-border-right&#8221;][vc_column_inner width=&#8221;1\/3&#8243;]<div class=\"tm-sbox tm-sbox-iconalign-before-heading none tm-sbox-bgcolor-transparent tm-bgcolor-transparent tm-sbox-textcolor- tm-textcolor- tm-sbox-isize-lg tm-sbox-isize-lg tm-sbox-istyle-none  tm-sbox-heading-only\"><section class=\"tm-vc_cta3-container\"><div class=\"tm-vc_general tm-vc_cta3 tm-vc_cta3-align-left tm-vc_cta3-icon-size-lg tm-vc_cta3-icons-beforeheading tm-vc_cta3-actions-no\"><div class=\"tm-vc_cta3_content-container\"><div class=\"tm-vc_cta3-content\"><div class=\"tm-vc_cta3-content-header tm-wrap\"><div class=\"tm-vc_cta3-icons tm-wrap-cell\"><div class=\"tm-vc_icon_element tm-vc_icon_element-outer tm-vc_icon_element-align-left \"><div class=\"tm-vc_icon_element-inner  tm-vc_icon_element-color-custom tm-vc_icon_element-size-lg tm-vc_icon_element-style-none tm-vc_icon_element-background-color-grey\" ><span class=\"tm-vc_icon_element-icon themifyicon ti-world\" style=\"color:#46bebc !important\"><\/span><\/div><\/div><\/div><div class=\"tm-vc_cta3-headers tm-wrap-cell\"><h2 class=\"tm-custom-heading \" >Nuestra Misi\u00f3n<\/h2>\n<\/div><\/div><\/div><div class=\"tm-cta3-desc-btn-wrapper\"><div class=\"tm-cta3-description\"><\/div><\/div><\/div><\/div><\/section><\/div>[\/vc_column_inner][vc_column_inner width=&#8221;2\/3&#8243; css=&#8221;.vc_custom_1555906717488{padding-left: 45px !important;}&#8221;][vc_column_text]\u201cContribuir a mejorar la calidad de vida de la comunidad puertorrique\u00f1a, con \u00e9nfasis en la regi\u00f3n norte, ofreciendo servicios financieros de ahorro y cr\u00e9dito, utilizando tecnolog\u00eda avanzada con accesibilidad a los servicios, por medio de la educaci\u00f3n, fomentando el ahorro y el uso prudente del cr\u00e9dito, basado en los principios y valores del cooperativismo.\u201d[\/vc_column_text][\/vc_column_inner][\/vc_row_inner][vc_row_inner el_class=&#8221;tm-sbox-border-right&#8221;][vc_column_inner width=&#8221;1\/3&#8243;]<div class=\"tm-sbox tm-sbox-iconalign-before-heading none tm-sbox-bgcolor-transparent tm-bgcolor-transparent tm-sbox-textcolor- tm-textcolor- tm-sbox-isize-lg tm-sbox-isize-lg tm-sbox-istyle-none  tm-sbox-heading-only\"><section class=\"tm-vc_cta3-container\"><div class=\"tm-vc_general tm-vc_cta3 tm-vc_cta3-align-left tm-vc_cta3-icon-size-lg tm-vc_cta3-icons-beforeheading tm-vc_cta3-actions-no\"><div class=\"tm-vc_cta3_content-container\"><div class=\"tm-vc_cta3-content\"><div class=\"tm-vc_cta3-content-header tm-wrap\"><div class=\"tm-vc_cta3-icons tm-wrap-cell\"><div class=\"tm-vc_icon_element tm-vc_icon_element-outer tm-vc_icon_element-align-left \"><div class=\"tm-vc_icon_element-inner  tm-vc_icon_element-color-custom tm-vc_icon_element-size-lg tm-vc_icon_element-style-none tm-vc_icon_element-background-color-grey\" ><span class=\"tm-vc_icon_element-icon themifyicon ti-bar-chart\" style=\"color:#46bebc !important\"><\/span><\/div><\/div><\/div><div class=\"tm-vc_cta3-headers tm-wrap-cell\"><h2 class=\"tm-custom-heading \" >Nuestra Visi\u00f3n<\/h2>\n<\/div><\/div><\/div><div class=\"tm-cta3-desc-btn-wrapper\"><div class=\"tm-cta3-description\"><\/div><\/div><\/div><\/div><\/section><\/div>[\/vc_column_inner][vc_column_inner width=&#8221;2\/3&#8243; css=&#8221;.vc_custom_1555906723216{padding-left: 45px !important;}&#8221;][vc_column_text]\u201cLograr que FloridaCoop sea la mejor alternativa ofreciendo servicios financieros de excelencia y calidad donde el socio, cliente y comunidad en general pueda satisfacer todas sus necesidades econ\u00f3micas.\u201d[\/vc_column_text][\/vc_column_inner][\/vc_row_inner][\/vc_column][\/vc_row][vc_row][vc_column]<div class=\"tm-element-heading-wrapper tm-heading-inner tm-element-align-left tm-seperator-none tm-heading-style-vertical  vc_custom_1628110800962\"><section class=\"tm-vc_cta3-container\"><div class=\"tm-vc_general tm-vc_cta3 tm-cta3-only tm-vc_cta3-style-classic tm-vc_cta3-shape-rounded tm-vc_cta3-align-left tm-vc_cta3-color-transparent tm-vc_cta3-icon-size-md tm-vc_cta3-actions-no tm-cta3-with-desc\"><div class=\"tm-vc_cta3_content-container\"><div class=\"tm-vc_cta3-content\"><header class=\"tm-vc_cta3-content-header tm-wrap\"><div class=\"tm-vc_cta3-headers tm-wrap-cell\"><h4 class=\"tm-custom-heading \" >Cooperativismo<\/h4>\n<h2 class=\"tm-custom-heading \" >\u00bfQu\u00e9 es Cooperativismo?<\/h2>\n<\/div><\/header><div class=\"tm-cta3-content-wrapper\"><p>El Cooperativismo es una doctrina socio-econ\u00f3mica que promueve la organizaci\u00f3n de las personas para satisfacer de manera conjunta, sus necesidades. El Cooperativismo est\u00e1 presente en todos los pa\u00edses del mundo. Le da la oportunidad a los seres humanos de escasos recursos tener una empresa de su propiedad junto a otras personas. Uno de los prop\u00f3sitos de este sistema es eliminar la explotaci\u00f3n de las personas por los individuos o empresas dedicados a obtener ganancias. El Cooperativismo se rige por valores y principios basados en la participaci\u00f3n del ser humano com\u00fan, asumiendo un rol protagonista en los procesos socio-econ\u00f3mico en la sociedad en que vive, es la principal fortaleza de la doctrina cooperativista.<\/p><\/div><\/div><\/div><\/div><\/section><\/div> <!-- .tm-element-heading-wrapper container --> <div class=\"tm-element-heading-wrapper tm-heading-inner tm-element-align-left tm-seperator-none tm-heading-style-vertical \"><section class=\"tm-vc_cta3-container\"><div class=\"tm-vc_general tm-vc_cta3 tm-cta3-only tm-vc_cta3-style-classic tm-vc_cta3-shape-rounded tm-vc_cta3-align-left tm-vc_cta3-color-transparent tm-vc_cta3-icon-size-md tm-vc_cta3-actions-no tm-cta3-with-desc\"><div class=\"tm-vc_cta3_content-container\"><div class=\"tm-vc_cta3-content\"><header class=\"tm-vc_cta3-content-header tm-wrap\"><div class=\"tm-vc_cta3-headers tm-wrap-cell\"><h2 class=\"tm-custom-heading \" >\u00bfQu\u00e9 es una Cooperativa?<\/h2>\n<\/div><\/header><div class=\"tm-cta3-content-wrapper\"><p>Una Cooperativa es una asociaci\u00f3n aut\u00f3noma de personas agrupadas voluntariamente para satisfacer sus necesidades econ\u00f3micas, sociales y culturales comunes, por medio de una empresa que se posee en conjunto y se controla democr\u00e1ticamente. Las Cooperativas se crean por necesidades econ\u00f3micas y sociales, operan sin fines de lucro. Su gobierno se establece sobre bases democr\u00e1ticas, cada socio puede llegar a ser un director. Las econom\u00edas se les devuelven a los socios a base del patrocinio de cada uno. En efecto, la identidad del Sistema Cooperativo se fundamenta en los principios y valores. El Cooperativismo es la puesta en pr\u00e1ctica de los valores de igualdad, justicia, ayuda mutua, esfuerzo propio, honestidad, responsabilidad social, democracia, constructividad, sacrificio y solidaridad. Lo m\u00e1s importante en la organizaci\u00f3n es el ser humano, nuestros Socios.<\/p><\/div><\/div><\/div><\/div><\/section><\/div> <!-- .tm-element-heading-wrapper container --> <div class=\"tm-element-heading-wrapper tm-heading-inner tm-element-align-left tm-seperator-none tm-heading-style-vertical \"><section class=\"tm-vc_cta3-container\"><div class=\"tm-vc_general tm-vc_cta3 tm-cta3-only tm-vc_cta3-style-classic tm-vc_cta3-shape-rounded tm-vc_cta3-align-left tm-vc_cta3-color-transparent tm-vc_cta3-icon-size-md tm-vc_cta3-actions-no tm-cta3-with-desc\"><div class=\"tm-vc_cta3_content-container\"><div class=\"tm-vc_cta3-content\"><header class=\"tm-vc_cta3-content-header tm-wrap\"><div class=\"tm-vc_cta3-headers tm-wrap-cell\"><h2 class=\"tm-custom-heading \" >7 principios del Cooperativismo<\/h2>\n<\/div><\/header><div class=\"tm-cta3-content-wrapper\">\n<div id=\"comp-j8g5zbgs\" class=\"_2bafp\" data-testid=\"richTextElement\">\n<h6><\/h6>\n<h6 class=\"font_6\"><span class=\"color_14\">1. Adhesi\u00f3n Abierta y Voluntaria<\/span><\/h6>\n<\/div>\n<div id=\"comp-j8g60cjn\" class=\"_2bafp\" data-testid=\"richTextElement\">\n<p class=\"font_8\"><span class=\"color_14\">Las Cooperativas son organizaciones voluntarias abiertas a todas las personas, sin discriminaci\u00f3n social, pol\u00edtica, religiosa, racial o de sexo, las cuales deben aceptar las responsabilidades de ser socio.<\/span><\/p>\n<p>&nbsp;<\/p>\n<\/div>\n<div id=\"comp-j8g61n0h\" class=\"_2bafp\" data-testid=\"richTextElement\">\n<h6 class=\"font_6\"><span class=\"color_14\">2. Control Democr\u00e1tico por parte de los Socios<\/span><\/h6>\n<\/div>\n<div id=\"comp-j8g61n0i\" class=\"_2bafp\" data-testid=\"richTextElement\">\n<p class=\"font_8\"><span class=\"color_14\">Las Cooperativas son organizaciones democr\u00e1ticas controladas por sus socios, los cuales participan activamente en la definici\u00f3n de sus pol\u00edticas y en la toma de decisiones. Los hombres y mujeres seleccionados para representar y administrar las cooperativas son responsables ante los socios. En las Cooperativas de primer grado, los Socios tienen iguales derechos de voto (un socio = un voto). Las Cooperativas de otros grados se organizan tambi\u00e9n mediante procedimientos democr\u00e1ticos.<\/span><\/p>\n<p>&nbsp;<\/p>\n<\/div>\n<div id=\"comp-j8g636kf\" class=\"_2bafp\" data-testid=\"richTextElement\">\n<h6 class=\"font_6\"><span class=\"color_14\">3. Participaci\u00f3n econ\u00f3mica de los Socios<\/span><\/h6>\n<\/div>\n<div id=\"comp-j8g636kg\" class=\"_2bafp\" data-testid=\"richTextElement\">\n<p class=\"font_8\"><span class=\"color_14\">Los Socios contribuyen equitativamente al capital de sus cooperativas y administran dicho capital en forma democr\u00e1tica. Al menos una parte de dicho capital es propiedad com\u00fan de la Cooperativa. Normalmente, los Socios reciben una retribuci\u00f3n limitada, si es que hay, sobre el capital aportado. Los Socios asignan los excedentes para todos o algunos de los siguientes fines: el beneficio de los socios en proporci\u00f3n a sus operaciones con la cooperativa, el apoyo de otras actividades aprobadas por los socios, y el desarrollo de la Cooperativa mediante la posible creaci\u00f3n de reservas las cuales podr\u00e1n ser indivisibles en todo o en parte.<\/span><\/p>\n<p>&nbsp;<\/p>\n<\/div>\n<div id=\"comp-j8g65b9g\" class=\"_2bafp\" data-testid=\"richTextElement\">\n<h6 class=\"font_6\"><span class=\"color_14\">4. Autonom\u00eda e Independencia<\/span><\/h6>\n<\/div>\n<div id=\"comp-j8g65b9h\" class=\"_2bafp\" data-testid=\"richTextElement\">\n<p class=\"font_8\"><span class=\"color_14\">Las Cooperativas son organizaciones aut\u00f3nomas de ayuda mutua, controladas por sus Socios. Si estas entran en acuerdos con otras organizaciones, incluidos los gobiernos, o si obtienen capital de fuentes externas, lo hacen en t\u00e9rminos que aseguren el control democr\u00e1tico por parte de sus socios y mantengan la autonom\u00eda de la Cooperativa.<\/span><\/p>\n<p>&nbsp;<\/p>\n<\/div>\n<div id=\"comp-j8g67h3f\" class=\"_2bafp\" data-testid=\"richTextElement\">\n<h6 class=\"font_6\"><span class=\"color_14\">5. Educaci\u00f3n, Capacitaci\u00f3n e Informaci\u00f3n<\/span><\/h6>\n<\/div>\n<div id=\"comp-j8g67h3f1\" class=\"_2bafp\" data-testid=\"richTextElement\">\n<p class=\"font_8\"><span class=\"color_14\">Las Cooperativas brindan educaci\u00f3n y capacitaci\u00f3n a sus Socios, dirigentes electos, gerentes y empleados para que los mismos puedan contribuir eficazmente al desarrollo de la cooperativa. Tambi\u00e9n, informan al p\u00fablico en general, especialmente a j\u00f3venes, l\u00edderes de la comunidad y a los medios de opini\u00f3n los beneficios del cooperativismo.<\/span><\/p>\n<p>&nbsp;<\/p>\n<\/div>\n<div id=\"comp-j8g68rog\" class=\"_2bafp\" data-testid=\"richTextElement\">\n<h6 class=\"font_6\"><span class=\"color_14\">6. Cooperaci\u00f3n entre Cooperativas<\/span><\/h6>\n<\/div>\n<div id=\"comp-j8g68roh\" class=\"_2bafp\" data-testid=\"richTextElement\">\n<p class=\"font_8\"><span class=\"color_14\">Las Cooperativas al trabajar en forma integrada mediante estructuras locales, regionales, nacionales e internacionales sirven en forma m\u00e1s eficaz a sus Socios y fortalecen el movimiento cooperativista.<\/span><\/p>\n<p>&nbsp;<\/p>\n<\/div>\n<div id=\"comp-j8g68zb7\" class=\"_2bafp\" data-testid=\"richTextElement\">\n<h6 class=\"font_6\"><span class=\"color_14\">7. Responsabilidad Social<\/span><\/h6>\n<\/div>\n<div id=\"comp-j8g68zb71\" class=\"_2bafp\" data-testid=\"richTextElement\">\n<p class=\"font_8\"><span class=\"color_14\">Las Cooperativas trabajan para lograr el desarrollo sostenible de sus comunidades mediante pol\u00edticas aprobadas por sus socios.<\/span><\/p>\n<\/div>\n<div id=\"comp-j8g6dkds\" class=\"_2bafp\" data-testid=\"richTextElement\"><\/div>\n<div data-testid=\"richTextElement\"><\/div>\n<p><\/div><\/div><\/div><\/div><\/section><\/div> <!-- .tm-element-heading-wrapper container --> <div class=\"tm-element-heading-wrapper tm-heading-inner tm-element-align-center tm-seperator-none tm-heading-style-vertical \"><section class=\"tm-vc_cta3-container\"><div class=\"tm-vc_general tm-vc_cta3 tm-cta3-only tm-vc_cta3-style-classic tm-vc_cta3-shape-rounded tm-vc_cta3-align-center tm-vc_cta3-color-transparent tm-vc_cta3-icon-size-md tm-vc_cta3-actions-no tm-cta3-without-desc\"><div class=\"tm-vc_cta3_content-container\"><div class=\"tm-vc_cta3-content\"><header class=\"tm-vc_cta3-content-header tm-wrap\"><div class=\"tm-vc_cta3-headers tm-wrap-cell\"><h4 style=\"color:#f1d647;\" class=\"tm-custom-heading \" >-Benjam\u00edn Franklin-<\/h4>\n<h2 style=\"font-size:28px;color:#46bebc;\" class=\"tm-custom-heading \" >\u201cInvertir en conocimientos produce siempre los mejores beneficios\u201d<\/h2>\n<\/div><\/header><\/div><\/div><\/div><\/section><\/div> <!-- .tm-element-heading-wrapper container --> [\/vc_column][\/vc_row]<\/p>\n","protected":false},"excerpt":{"rendered":"<p>[vc_row tm_bgcolor=&#8221;grey&#8221; tm_bgimage_position=&#8221;right_bottom&#8221; tm_bgimagefixed=&#8221;&#8221; full_width=&#8221;stretch_row&#8221; css=&#8221;.vc_custom_1628877566495{padding-bottom: 65px !important;background-image: url(https:\/\/admichess.com\/floridacoop\/wp-content\/uploads\/2021\/08\/8-Li\u0301nea-de-Cre\u0301dito.png?id=2565) !important;background-position: center !important;background-repeat: no-repeat !important;background-size: cover !important;}&#8221; tm_responsive_css=&#8221;46825733|colbreak_no|||||||||colbreak_no|||||45px||20px||colbreak_no||||||||||colbreak_no|||||||||&#8221;][vc_column][vc_row_inner el_class=&#8221;tm-sbox-border-right&#8221;][vc_column_inner width=&#8221;1\/3&#8243;][\/vc_column_inner][vc_column_inner tm_textcolor=&#8221;dark&#8221; width=&#8221;2\/3&#8243; css=&#8221;.vc_custom_1628877442875{padding-left: 45px !important;}&#8221;][vc_column_text] La Cooperativa de Ahorro y Cr\u00e9dito de Florida se fund\u00f3 el 3 de mayo del 1953, siendo la primera instituci\u00f3n financiera en nuestro pueblo. La Cooperativa de Ahorro y Cr\u00e9dito de &hellip; <a href=\"https:\/\/admichess.com\/floridacoop\/about-us-1\/\" class=\"more-link\">Continue reading <span class=\"screen-reader-text\">Nosotros<\/span><\/a><\/p>\n","protected":false},"author":1,"featured_media":0,"parent":0,"menu_order":7,"comment_status":"closed","ping_status":"closed","template":"","meta":{"footnotes":""},"class_list":["post-855","page","type-page","status-publish","hentry"],"_links":{"self":[{"href":"https:\/\/admichess.com\/floridacoop\/wp-json\/wp\/v2\/pages\/855","targetHints":{"allow":["GET"]}}],"collection":[{"href":"https:\/\/admichess.com\/floridacoop\/wp-json\/wp\/v2\/pages"}],"about":[{"href":"https:\/\/admichess.com\/floridacoop\/wp-json\/wp\/v2\/types\/page"}],"author":[{"embeddable":true,"href":"https:\/\/admichess.com\/floridacoop\/wp-json\/wp\/v2\/users\/1"}],"replies":[{"embeddable":true,"href":"https:\/\/admichess.com\/floridacoop\/wp-json\/wp\/v2\/comments?post=855"}],"version-history":[{"count":11,"href":"https:\/\/admichess.com\/floridacoop\/wp-json\/wp\/v2\/pages\/855\/revisions"}],"predecessor-version":[{"id":2752,"href":"https:\/\/admichess.com\/floridacoop\/wp-json\/wp\/v2\/pages\/855\/revisions\/2752"}],"wp:attachment":[{"href":"https:\/\/admichess.com\/floridacoop\/wp-json\/wp\/v2\/media?parent=855"}],"curies":[{"name":"wp","href":"https:\/\/api.w.org\/{rel}","templated":true}]}}