{"id":7535,"date":"2022-02-04T11:33:55","date_gmt":"2022-02-04T11:33:55","guid":{"rendered":"http:\/\/admichess.com\/juanadiaz-coop\/?page_id=7535"},"modified":"2024-11-08T04:02:03","modified_gmt":"2024-11-08T04:02:03","slug":"service-5","status":"publish","type":"page","link":"https:\/\/admichess.com\/larcoop\/service-5\/","title":{"rendered":"Servicios"},"content":{"rendered":"\t\t<div data-elementor-type=\"wp-page\" data-elementor-id=\"7535\" class=\"elementor elementor-7535\" data-elementor-post-type=\"page\">\n\t\t\t\t\t\t<section class=\"elementor-section elementor-top-section elementor-element elementor-element-236562c elementor-section-full_width elementor-section-stretched elementor-section-height-default elementor-section-height-default rt-parallax-bg-no\" data-id=\"236562c\" data-element_type=\"section\" data-settings=\"{&quot;stretch_section&quot;:&quot;section-stretched&quot;}\">\n\t\t\t\t\t\t<div class=\"elementor-container elementor-column-gap-default\">\n\t\t\t\t\t<div class=\"elementor-column elementor-col-100 elementor-top-column elementor-element elementor-element-de00ccb\" data-id=\"de00ccb\" data-element_type=\"column\">\n\t\t\t<div class=\"elementor-widget-wrap elementor-element-populated\">\n\t\t\t\t\t\t\t<\/div>\n\t\t<\/div>\n\t\t\t\t\t<\/div>\n\t\t<\/section>\n\t\t\t\t<section class=\"elementor-section elementor-top-section elementor-element elementor-element-d88a371 elementor-section-boxed elementor-section-height-default elementor-section-height-default rt-parallax-bg-no\" data-id=\"d88a371\" data-element_type=\"section\">\n\t\t\t\t\t\t<div class=\"elementor-container elementor-column-gap-default\">\n\t\t\t\t\t<div class=\"elementor-column elementor-col-100 elementor-top-column elementor-element elementor-element-f730045\" data-id=\"f730045\" data-element_type=\"column\">\n\t\t\t<div class=\"elementor-widget-wrap elementor-element-populated\">\n\t\t\t\t\t\t<div class=\"elementor-element elementor-element-09fe993 elementor-widget elementor-widget-rt-text-with-button\" data-id=\"09fe993\" data-element_type=\"widget\" data-widget_type=\"rt-text-with-button.default\">\n\t\t\t\t<div class=\"elementor-widget-container\">\n\t\t\t\t\t<div class=\"title-text-button barhide text-style1\">\n\t\n\t\t\t<h4 class=\"subtitle style1\">Servicios<\/h4>\n\t\t\t\t<h2 class=\"section-title\">Hazlo en un solo lugar<\/h2>\t<div class=\"section-content\"><\/div>\n\t<\/div>\t\t\t\t<\/div>\n\t\t\t\t<\/div>\n\t\t\t\t\t<\/div>\n\t\t<\/div>\n\t\t\t\t\t<\/div>\n\t\t<\/section>\n\t\t\t\t<section class=\"elementor-section elementor-top-section elementor-element elementor-element-230b4cc elementor-section-boxed elementor-section-height-default elementor-section-height-default rt-parallax-bg-no\" data-id=\"230b4cc\" data-element_type=\"section\">\n\t\t\t\t\t\t<div class=\"elementor-container elementor-column-gap-default\">\n\t\t\t\t\t<div class=\"elementor-column elementor-col-25 elementor-top-column elementor-element elementor-element-3bb78be\" data-id=\"3bb78be\" data-element_type=\"column\">\n\t\t\t<div class=\"elementor-widget-wrap elementor-element-populated\">\n\t\t\t\t\t\t<div class=\"elementor-element elementor-element-243febe elementor-widget elementor-widget-image\" data-id=\"243febe\" data-element_type=\"widget\" data-widget_type=\"image.default\">\n\t\t\t\t<div class=\"elementor-widget-container\">\n\t\t\t\t\t\t\t\t\t\t\t\t\t\t\t<img fetchpriority=\"high\" decoding=\"async\" width=\"1201\" height=\"1201\" src=\"https:\/\/admichess.com\/larcoop\/wp-content\/uploads\/2024\/07\/LarCoop-Icons-outline-01.png\" class=\"attachment-full size-full wp-image-9438\" alt=\"\" srcset=\"https:\/\/admichess.com\/larcoop\/wp-content\/uploads\/2024\/07\/LarCoop-Icons-outline-01.png 1201w, https:\/\/admichess.com\/larcoop\/wp-content\/uploads\/2024\/07\/LarCoop-Icons-outline-01-300x300.png 300w, https:\/\/admichess.com\/larcoop\/wp-content\/uploads\/2024\/07\/LarCoop-Icons-outline-01-1024x1024.png 1024w, https:\/\/admichess.com\/larcoop\/wp-content\/uploads\/2024\/07\/LarCoop-Icons-outline-01-150x150.png 150w, https:\/\/admichess.com\/larcoop\/wp-content\/uploads\/2024\/07\/LarCoop-Icons-outline-01-768x768.png 768w\" sizes=\"(max-width: 1201px) 100vw, 1201px\" \/>\t\t\t\t\t\t\t\t\t\t\t\t\t\t\t<\/div>\n\t\t\t\t<\/div>\n\t\t\t\t<div class=\"elementor-element elementor-element-76ca752 elementor-widget elementor-widget-heading\" data-id=\"76ca752\" data-element_type=\"widget\" data-widget_type=\"heading.default\">\n\t\t\t\t<div class=\"elementor-widget-container\">\n\t\t\t\t\t<h4 class=\"elementor-heading-title elementor-size-default\">Venta de Giros<\/h4>\t\t\t\t<\/div>\n\t\t\t\t<\/div>\n\t\t\t\t\t<\/div>\n\t\t<\/div>\n\t\t\t\t<div class=\"elementor-column elementor-col-25 elementor-top-column elementor-element elementor-element-0349ef6\" data-id=\"0349ef6\" data-element_type=\"column\">\n\t\t\t<div class=\"elementor-widget-wrap elementor-element-populated\">\n\t\t\t\t\t\t<div class=\"elementor-element elementor-element-10b4705 elementor-widget elementor-widget-image\" data-id=\"10b4705\" data-element_type=\"widget\" data-widget_type=\"image.default\">\n\t\t\t\t<div class=\"elementor-widget-container\">\n\t\t\t\t\t\t\t\t\t\t\t\t\t\t\t<img decoding=\"async\" width=\"1201\" height=\"1201\" src=\"https:\/\/admichess.com\/larcoop\/wp-content\/uploads\/2024\/11\/LarCoop-Icons-outline-08.png\" class=\"attachment-full size-full wp-image-9443\" alt=\"\" srcset=\"https:\/\/admichess.com\/larcoop\/wp-content\/uploads\/2024\/11\/LarCoop-Icons-outline-08.png 1201w, https:\/\/admichess.com\/larcoop\/wp-content\/uploads\/2024\/11\/LarCoop-Icons-outline-08-300x300.png 300w, https:\/\/admichess.com\/larcoop\/wp-content\/uploads\/2024\/11\/LarCoop-Icons-outline-08-1024x1024.png 1024w, https:\/\/admichess.com\/larcoop\/wp-content\/uploads\/2024\/11\/LarCoop-Icons-outline-08-150x150.png 150w, https:\/\/admichess.com\/larcoop\/wp-content\/uploads\/2024\/11\/LarCoop-Icons-outline-08-768x768.png 768w\" sizes=\"(max-width: 1201px) 100vw, 1201px\" \/>\t\t\t\t\t\t\t\t\t\t\t\t\t\t\t<\/div>\n\t\t\t\t<\/div>\n\t\t\t\t<div class=\"elementor-element elementor-element-feaca7d elementor-widget elementor-widget-heading\" data-id=\"feaca7d\" data-element_type=\"widget\" data-widget_type=\"heading.default\">\n\t\t\t\t<div class=\"elementor-widget-container\">\n\t\t\t\t\t<h4 class=\"elementor-heading-title elementor-size-default\">Venta de Marbetes<\/h4>\t\t\t\t<\/div>\n\t\t\t\t<\/div>\n\t\t\t\t\t<\/div>\n\t\t<\/div>\n\t\t\t\t<div class=\"elementor-column elementor-col-25 elementor-top-column elementor-element elementor-element-8bab129\" data-id=\"8bab129\" data-element_type=\"column\">\n\t\t\t<div class=\"elementor-widget-wrap elementor-element-populated\">\n\t\t\t\t\t\t<div class=\"elementor-element elementor-element-6f0f81b elementor-widget elementor-widget-image\" data-id=\"6f0f81b\" data-element_type=\"widget\" data-widget_type=\"image.default\">\n\t\t\t\t<div class=\"elementor-widget-container\">\n\t\t\t\t\t\t\t\t\t\t\t\t\t\t\t<img decoding=\"async\" width=\"1201\" height=\"1201\" src=\"https:\/\/admichess.com\/larcoop\/wp-content\/uploads\/2024\/11\/LarCoop-Icons-outline-05.png\" class=\"attachment-full size-full wp-image-9444\" alt=\"\" srcset=\"https:\/\/admichess.com\/larcoop\/wp-content\/uploads\/2024\/11\/LarCoop-Icons-outline-05.png 1201w, https:\/\/admichess.com\/larcoop\/wp-content\/uploads\/2024\/11\/LarCoop-Icons-outline-05-300x300.png 300w, https:\/\/admichess.com\/larcoop\/wp-content\/uploads\/2024\/11\/LarCoop-Icons-outline-05-1024x1024.png 1024w, https:\/\/admichess.com\/larcoop\/wp-content\/uploads\/2024\/11\/LarCoop-Icons-outline-05-150x150.png 150w, https:\/\/admichess.com\/larcoop\/wp-content\/uploads\/2024\/11\/LarCoop-Icons-outline-05-768x768.png 768w\" sizes=\"(max-width: 1201px) 100vw, 1201px\" \/>\t\t\t\t\t\t\t\t\t\t\t\t\t\t\t<\/div>\n\t\t\t\t<\/div>\n\t\t\t\t<div class=\"elementor-element elementor-element-741ad72 elementor-widget elementor-widget-heading\" data-id=\"741ad72\" data-element_type=\"widget\" data-widget_type=\"heading.default\">\n\t\t\t\t<div class=\"elementor-widget-container\">\n\t\t\t\t\t<h4 class=\"elementor-heading-title elementor-size-default\">Venta de Sellos y Combrobantes de Hacienda PR<\/h4>\t\t\t\t<\/div>\n\t\t\t\t<\/div>\n\t\t\t\t\t<\/div>\n\t\t<\/div>\n\t\t\t\t<div class=\"elementor-column elementor-col-25 elementor-top-column elementor-element elementor-element-4b4c0f7\" data-id=\"4b4c0f7\" data-element_type=\"column\">\n\t\t\t<div class=\"elementor-widget-wrap elementor-element-populated\">\n\t\t\t\t\t\t<div class=\"elementor-element elementor-element-3aa337e elementor-widget elementor-widget-image\" data-id=\"3aa337e\" data-element_type=\"widget\" data-widget_type=\"image.default\">\n\t\t\t\t<div class=\"elementor-widget-container\">\n\t\t\t\t\t\t\t\t\t\t\t\t\t\t\t<img loading=\"lazy\" decoding=\"async\" width=\"1201\" height=\"1201\" src=\"https:\/\/admichess.com\/larcoop\/wp-content\/uploads\/2024\/11\/LarCoop-Icons-outline-07.png\" class=\"attachment-full size-full wp-image-9445\" alt=\"\" srcset=\"https:\/\/admichess.com\/larcoop\/wp-content\/uploads\/2024\/11\/LarCoop-Icons-outline-07.png 1201w, https:\/\/admichess.com\/larcoop\/wp-content\/uploads\/2024\/11\/LarCoop-Icons-outline-07-300x300.png 300w, https:\/\/admichess.com\/larcoop\/wp-content\/uploads\/2024\/11\/LarCoop-Icons-outline-07-1024x1024.png 1024w, https:\/\/admichess.com\/larcoop\/wp-content\/uploads\/2024\/11\/LarCoop-Icons-outline-07-150x150.png 150w, https:\/\/admichess.com\/larcoop\/wp-content\/uploads\/2024\/11\/LarCoop-Icons-outline-07-768x768.png 768w\" sizes=\"(max-width: 1201px) 100vw, 1201px\" \/>\t\t\t\t\t\t\t\t\t\t\t\t\t\t\t<\/div>\n\t\t\t\t<\/div>\n\t\t\t\t<div class=\"elementor-element elementor-element-f8d4fb9 elementor-widget elementor-widget-heading\" data-id=\"f8d4fb9\" data-element_type=\"widget\" data-widget_type=\"heading.default\">\n\t\t\t\t<div class=\"elementor-widget-container\">\n\t\t\t\t\t<h4 class=\"elementor-heading-title elementor-size-default\">Cobro de utilidades (Agua, Luz, Tel\u00e9fono)<\/h4>\t\t\t\t<\/div>\n\t\t\t\t<\/div>\n\t\t\t\t\t<\/div>\n\t\t<\/div>\n\t\t\t\t\t<\/div>\n\t\t<\/section>\n\t\t\t\t<section class=\"elementor-section elementor-top-section elementor-element elementor-element-fa44f06 elementor-section-boxed elementor-section-height-default elementor-section-height-default rt-parallax-bg-no\" data-id=\"fa44f06\" data-element_type=\"section\">\n\t\t\t\t\t\t<div class=\"elementor-container elementor-column-gap-default\">\n\t\t\t\t\t<div class=\"elementor-column elementor-col-25 elementor-top-column elementor-element elementor-element-48f385e\" data-id=\"48f385e\" data-element_type=\"column\">\n\t\t\t<div class=\"elementor-widget-wrap elementor-element-populated\">\n\t\t\t\t\t\t<div class=\"elementor-element elementor-element-2e81bb3 elementor-widget elementor-widget-image\" data-id=\"2e81bb3\" data-element_type=\"widget\" data-widget_type=\"image.default\">\n\t\t\t\t<div class=\"elementor-widget-container\">\n\t\t\t\t\t\t\t\t\t\t\t\t\t\t\t<img loading=\"lazy\" decoding=\"async\" width=\"1201\" height=\"1201\" src=\"https:\/\/admichess.com\/larcoop\/wp-content\/uploads\/2024\/11\/LarCoop-Icons-outline-06.png\" class=\"attachment-full size-full wp-image-9450\" alt=\"\" srcset=\"https:\/\/admichess.com\/larcoop\/wp-content\/uploads\/2024\/11\/LarCoop-Icons-outline-06.png 1201w, https:\/\/admichess.com\/larcoop\/wp-content\/uploads\/2024\/11\/LarCoop-Icons-outline-06-300x300.png 300w, https:\/\/admichess.com\/larcoop\/wp-content\/uploads\/2024\/11\/LarCoop-Icons-outline-06-1024x1024.png 1024w, https:\/\/admichess.com\/larcoop\/wp-content\/uploads\/2024\/11\/LarCoop-Icons-outline-06-150x150.png 150w, https:\/\/admichess.com\/larcoop\/wp-content\/uploads\/2024\/11\/LarCoop-Icons-outline-06-768x768.png 768w\" sizes=\"(max-width: 1201px) 100vw, 1201px\" \/>\t\t\t\t\t\t\t\t\t\t\t\t\t\t\t<\/div>\n\t\t\t\t<\/div>\n\t\t\t\t<div class=\"elementor-element elementor-element-786fe83 elementor-widget elementor-widget-heading\" data-id=\"786fe83\" data-element_type=\"widget\" data-widget_type=\"heading.default\">\n\t\t\t\t<div class=\"elementor-widget-container\">\n\t\t\t\t\t<h4 class=\"elementor-heading-title elementor-size-default\">Cobro de facturas de comercios participantes<\/h4>\t\t\t\t<\/div>\n\t\t\t\t<\/div>\n\t\t\t\t\t<\/div>\n\t\t<\/div>\n\t\t\t\t<div class=\"elementor-column elementor-col-25 elementor-top-column elementor-element elementor-element-5d6bac1\" data-id=\"5d6bac1\" data-element_type=\"column\">\n\t\t\t<div class=\"elementor-widget-wrap elementor-element-populated\">\n\t\t\t\t\t\t<div class=\"elementor-element elementor-element-a4283d0 elementor-widget elementor-widget-image\" data-id=\"a4283d0\" data-element_type=\"widget\" data-widget_type=\"image.default\">\n\t\t\t\t<div class=\"elementor-widget-container\">\n\t\t\t\t\t\t\t\t\t\t\t\t\t\t\t<img loading=\"lazy\" decoding=\"async\" width=\"1201\" height=\"1201\" src=\"https:\/\/admichess.com\/larcoop\/wp-content\/uploads\/2024\/11\/LarCoop-Icons-outline-02.png\" class=\"attachment-full size-full wp-image-9451\" alt=\"\" srcset=\"https:\/\/admichess.com\/larcoop\/wp-content\/uploads\/2024\/11\/LarCoop-Icons-outline-02.png 1201w, https:\/\/admichess.com\/larcoop\/wp-content\/uploads\/2024\/11\/LarCoop-Icons-outline-02-300x300.png 300w, https:\/\/admichess.com\/larcoop\/wp-content\/uploads\/2024\/11\/LarCoop-Icons-outline-02-1024x1024.png 1024w, https:\/\/admichess.com\/larcoop\/wp-content\/uploads\/2024\/11\/LarCoop-Icons-outline-02-150x150.png 150w, https:\/\/admichess.com\/larcoop\/wp-content\/uploads\/2024\/11\/LarCoop-Icons-outline-02-768x768.png 768w\" sizes=\"(max-width: 1201px) 100vw, 1201px\" \/>\t\t\t\t\t\t\t\t\t\t\t\t\t\t\t<\/div>\n\t\t\t\t<\/div>\n\t\t\t\t<div class=\"elementor-element elementor-element-b177b29 elementor-widget elementor-widget-heading\" data-id=\"b177b29\" data-element_type=\"widget\" data-widget_type=\"heading.default\">\n\t\t\t\t<div class=\"elementor-widget-container\">\n\t\t\t\t\t<h4 class=\"elementor-heading-title elementor-size-default\">Cheques Oficiales<\/h4>\t\t\t\t<\/div>\n\t\t\t\t<\/div>\n\t\t\t\t\t<\/div>\n\t\t<\/div>\n\t\t\t\t<div class=\"elementor-column elementor-col-25 elementor-top-column elementor-element elementor-element-d980039\" data-id=\"d980039\" data-element_type=\"column\">\n\t\t\t<div class=\"elementor-widget-wrap elementor-element-populated\">\n\t\t\t\t\t\t<div class=\"elementor-element elementor-element-bf1f4da elementor-widget elementor-widget-image\" data-id=\"bf1f4da\" data-element_type=\"widget\" data-widget_type=\"image.default\">\n\t\t\t\t<div class=\"elementor-widget-container\">\n\t\t\t\t\t\t\t\t\t\t\t\t\t\t\t<img loading=\"lazy\" decoding=\"async\" width=\"1201\" height=\"1201\" src=\"https:\/\/admichess.com\/larcoop\/wp-content\/uploads\/2024\/11\/LarCoop-Icons-outline-03.png\" class=\"attachment-full size-full wp-image-9452\" alt=\"\" srcset=\"https:\/\/admichess.com\/larcoop\/wp-content\/uploads\/2024\/11\/LarCoop-Icons-outline-03.png 1201w, https:\/\/admichess.com\/larcoop\/wp-content\/uploads\/2024\/11\/LarCoop-Icons-outline-03-300x300.png 300w, https:\/\/admichess.com\/larcoop\/wp-content\/uploads\/2024\/11\/LarCoop-Icons-outline-03-1024x1024.png 1024w, https:\/\/admichess.com\/larcoop\/wp-content\/uploads\/2024\/11\/LarCoop-Icons-outline-03-150x150.png 150w, https:\/\/admichess.com\/larcoop\/wp-content\/uploads\/2024\/11\/LarCoop-Icons-outline-03-768x768.png 768w\" sizes=\"(max-width: 1201px) 100vw, 1201px\" \/>\t\t\t\t\t\t\t\t\t\t\t\t\t\t\t<\/div>\n\t\t\t\t<\/div>\n\t\t\t\t<div class=\"elementor-element elementor-element-e44f4f0 elementor-widget elementor-widget-heading\" data-id=\"e44f4f0\" data-element_type=\"widget\" data-widget_type=\"heading.default\">\n\t\t\t\t<div class=\"elementor-widget-container\">\n\t\t\t\t\t<h4 class=\"elementor-heading-title elementor-size-default\">Cajeros Autom\u00e1ticos<\/h4>\t\t\t\t<\/div>\n\t\t\t\t<\/div>\n\t\t\t\t\t<\/div>\n\t\t<\/div>\n\t\t\t\t<div class=\"elementor-column elementor-col-25 elementor-top-column elementor-element elementor-element-040e32b\" data-id=\"040e32b\" data-element_type=\"column\">\n\t\t\t<div class=\"elementor-widget-wrap elementor-element-populated\">\n\t\t\t\t\t\t<div class=\"elementor-element elementor-element-befa82b elementor-widget elementor-widget-image\" data-id=\"befa82b\" data-element_type=\"widget\" data-widget_type=\"image.default\">\n\t\t\t\t<div class=\"elementor-widget-container\">\n\t\t\t\t\t\t\t\t\t\t\t\t\t\t\t<img loading=\"lazy\" decoding=\"async\" width=\"1201\" height=\"1201\" src=\"https:\/\/admichess.com\/larcoop\/wp-content\/uploads\/2024\/11\/LarCoop-Icons-outline-04.png\" class=\"attachment-full size-full wp-image-9453\" alt=\"\" srcset=\"https:\/\/admichess.com\/larcoop\/wp-content\/uploads\/2024\/11\/LarCoop-Icons-outline-04.png 1201w, https:\/\/admichess.com\/larcoop\/wp-content\/uploads\/2024\/11\/LarCoop-Icons-outline-04-300x300.png 300w, https:\/\/admichess.com\/larcoop\/wp-content\/uploads\/2024\/11\/LarCoop-Icons-outline-04-1024x1024.png 1024w, https:\/\/admichess.com\/larcoop\/wp-content\/uploads\/2024\/11\/LarCoop-Icons-outline-04-150x150.png 150w, https:\/\/admichess.com\/larcoop\/wp-content\/uploads\/2024\/11\/LarCoop-Icons-outline-04-768x768.png 768w\" sizes=\"(max-width: 1201px) 100vw, 1201px\" \/>\t\t\t\t\t\t\t\t\t\t\t\t\t\t\t<\/div>\n\t\t\t\t<\/div>\n\t\t\t\t<div class=\"elementor-element elementor-element-ab543a2 elementor-widget elementor-widget-heading\" data-id=\"ab543a2\" data-element_type=\"widget\" data-widget_type=\"heading.default\">\n\t\t\t\t<div class=\"elementor-widget-container\">\n\t\t\t\t\t<h4 class=\"elementor-heading-title elementor-size-default\">Tarjeta de acceso a cajeros autom\u00e1ticos<\/h4>\t\t\t\t<\/div>\n\t\t\t\t<\/div>\n\t\t\t\t\t<\/div>\n\t\t<\/div>\n\t\t\t\t\t<\/div>\n\t\t<\/section>\n\t\t\t\t<section class=\"elementor-section elementor-top-section elementor-element elementor-element-17d7083 elementor-section-boxed elementor-section-height-default elementor-section-height-default rt-parallax-bg-no\" data-id=\"17d7083\" data-element_type=\"section\">\n\t\t\t\t\t\t<div class=\"elementor-container elementor-column-gap-default\">\n\t\t\t\t\t<div class=\"elementor-column elementor-col-100 elementor-top-column elementor-element elementor-element-0de59d0\" data-id=\"0de59d0\" data-element_type=\"column\">\n\t\t\t<div class=\"elementor-widget-wrap elementor-element-populated\">\n\t\t\t\t\t\t<div class=\"elementor-element elementor-element-46e31f5 elementor-widget elementor-widget-spacer\" data-id=\"46e31f5\" data-element_type=\"widget\" data-widget_type=\"spacer.default\">\n\t\t\t\t<div class=\"elementor-widget-container\">\n\t\t\t\t\t\t\t<div class=\"elementor-spacer\">\n\t\t\t<div class=\"elementor-spacer-inner\"><\/div>\n\t\t<\/div>\n\t\t\t\t\t\t<\/div>\n\t\t\t\t<\/div>\n\t\t\t\t\t<\/div>\n\t\t<\/div>\n\t\t\t\t\t<\/div>\n\t\t<\/section>\n\t\t\t\t<\/div>\n\t\t","protected":false},"excerpt":{"rendered":"<p>Servicios Hazlo en un solo lugar Venta de Giros Venta de Marbetes Venta de Sellos y Combrobantes de Hacienda PR Cobro de utilidades (Agua, Luz, Tel\u00e9fono) Cobro de facturas de comercios participantes Cheques Oficiales Cajeros Autom\u00e1ticos Tarjeta de acceso a cajeros autom\u00e1ticos<\/p>\n","protected":false},"author":1,"featured_media":0,"parent":0,"menu_order":0,"comment_status":"closed","ping_status":"closed","template":"elementor_header_footer","meta":{"footnotes":""},"class_list":["post-7535","page","type-page","status-publish","hentry"],"_links":{"self":[{"href":"https:\/\/admichess.com\/larcoop\/wp-json\/wp\/v2\/pages\/7535","targetHints":{"allow":["GET"]}}],"collection":[{"href":"https:\/\/admichess.com\/larcoop\/wp-json\/wp\/v2\/pages"}],"about":[{"href":"https:\/\/admichess.com\/larcoop\/wp-json\/wp\/v2\/types\/page"}],"author":[{"embeddable":true,"href":"https:\/\/admichess.com\/larcoop\/wp-json\/wp\/v2\/users\/1"}],"replies":[{"embeddable":true,"href":"https:\/\/admichess.com\/larcoop\/wp-json\/wp\/v2\/comments?post=7535"}],"version-history":[{"count":30,"href":"https:\/\/admichess.com\/larcoop\/wp-json\/wp\/v2\/pages\/7535\/revisions"}],"predecessor-version":[{"id":9456,"href":"https:\/\/admichess.com\/larcoop\/wp-json\/wp\/v2\/pages\/7535\/revisions\/9456"}],"wp:attachment":[{"href":"https:\/\/admichess.com\/larcoop\/wp-json\/wp\/v2\/media?parent=7535"}],"curies":[{"name":"wp","href":"https:\/\/api.w.org\/{rel}","templated":true}]}}