{"id":7895,"date":"2022-05-06T12:20:52","date_gmt":"2022-05-06T12:20:52","guid":{"rendered":"http:\/\/admichess.com\/juanadiaz-coop\/?page_id=7895"},"modified":"2024-11-15T15:23:08","modified_gmt":"2024-11-15T15:23:08","slug":"cuenta-comercial","status":"publish","type":"page","link":"https:\/\/admichess.com\/larcoop\/cuenta-comercial\/","title":{"rendered":"Cuenta Comercial"},"content":{"rendered":"\t\t<div data-elementor-type=\"wp-page\" data-elementor-id=\"7895\" class=\"elementor elementor-7895\" data-elementor-post-type=\"page\">\n\t\t\t\t\t\t<section class=\"elementor-section elementor-top-section elementor-element elementor-element-56941d1 elementor-section-boxed elementor-section-height-default elementor-section-height-default rt-parallax-bg-no\" data-id=\"56941d1\" data-element_type=\"section\">\n\t\t\t\t\t\t<div class=\"elementor-container elementor-column-gap-default\">\n\t\t\t\t\t<div class=\"elementor-column elementor-col-100 elementor-top-column elementor-element elementor-element-be6c76b\" data-id=\"be6c76b\" data-element_type=\"column\">\n\t\t\t<div class=\"elementor-widget-wrap elementor-element-populated\">\n\t\t\t\t\t\t\t<\/div>\n\t\t<\/div>\n\t\t\t\t\t<\/div>\n\t\t<\/section>\n\t\t\t\t<section class=\"elementor-section elementor-top-section elementor-element elementor-element-894d3c1 elementor-section-boxed elementor-section-height-default elementor-section-height-default rt-parallax-bg-no\" data-id=\"894d3c1\" data-element_type=\"section\">\n\t\t\t\t\t\t<div class=\"elementor-container elementor-column-gap-default\">\n\t\t\t\t\t<div class=\"elementor-column elementor-col-100 elementor-top-column elementor-element elementor-element-e26de5a\" data-id=\"e26de5a\" data-element_type=\"column\">\n\t\t\t<div class=\"elementor-widget-wrap elementor-element-populated\">\n\t\t\t\t\t\t<div class=\"elementor-element elementor-element-f1397ba elementor-widget elementor-widget-spacer\" data-id=\"f1397ba\" data-element_type=\"widget\" data-widget_type=\"spacer.default\">\n\t\t\t\t<div class=\"elementor-widget-container\">\n\t\t\t\t\t\t\t<div class=\"elementor-spacer\">\n\t\t\t<div class=\"elementor-spacer-inner\"><\/div>\n\t\t<\/div>\n\t\t\t\t\t\t<\/div>\n\t\t\t\t<\/div>\n\t\t\t\t\t<\/div>\n\t\t<\/div>\n\t\t\t\t\t<\/div>\n\t\t<\/section>\n\t\t\t\t<section class=\"elementor-section elementor-top-section elementor-element elementor-element-1c7d216 elementor-section-stretched elementor-section-boxed elementor-section-height-default elementor-section-height-default rt-parallax-bg-no\" data-id=\"1c7d216\" data-element_type=\"section\" data-settings=\"{&quot;stretch_section&quot;:&quot;section-stretched&quot;}\">\n\t\t\t\t\t\t<div class=\"elementor-container elementor-column-gap-default\">\n\t\t\t\t\t<div class=\"elementor-column elementor-col-100 elementor-top-column elementor-element elementor-element-19a1590\" data-id=\"19a1590\" data-element_type=\"column\">\n\t\t\t<div class=\"elementor-widget-wrap elementor-element-populated\">\n\t\t\t\t\t\t<section class=\"elementor-section elementor-inner-section elementor-element elementor-element-151f150 elementor-section-boxed elementor-section-height-default elementor-section-height-default rt-parallax-bg-no\" data-id=\"151f150\" data-element_type=\"section\">\n\t\t\t\t\t\t<div class=\"elementor-container elementor-column-gap-default\">\n\t\t\t\t\t<div class=\"elementor-column elementor-col-100 elementor-inner-column elementor-element elementor-element-3a91af5\" data-id=\"3a91af5\" data-element_type=\"column\">\n\t\t\t<div class=\"elementor-widget-wrap elementor-element-populated\">\n\t\t\t\t\t\t<div class=\"elementor-element elementor-element-58b5963 elementor-widget elementor-widget-image\" data-id=\"58b5963\" data-element_type=\"widget\" data-widget_type=\"image.default\">\n\t\t\t\t<div class=\"elementor-widget-container\">\n\t\t\t\t\t\t\t\t\t\t\t\t\t\t\t<img fetchpriority=\"high\" decoding=\"async\" width=\"1161\" height=\"421\" src=\"https:\/\/admichess.com\/larcoop\/wp-content\/uploads\/2024\/11\/Screen-Shot-2018-06-08-at-11.25.39-AM-6.png\" class=\"attachment-full size-full wp-image-9544\" alt=\"\" srcset=\"https:\/\/admichess.com\/larcoop\/wp-content\/uploads\/2024\/11\/Screen-Shot-2018-06-08-at-11.25.39-AM-6.png 1161w, https:\/\/admichess.com\/larcoop\/wp-content\/uploads\/2024\/11\/Screen-Shot-2018-06-08-at-11.25.39-AM-6-300x109.png 300w, https:\/\/admichess.com\/larcoop\/wp-content\/uploads\/2024\/11\/Screen-Shot-2018-06-08-at-11.25.39-AM-6-1024x371.png 1024w, https:\/\/admichess.com\/larcoop\/wp-content\/uploads\/2024\/11\/Screen-Shot-2018-06-08-at-11.25.39-AM-6-768x278.png 768w\" sizes=\"(max-width: 1161px) 100vw, 1161px\" \/>\t\t\t\t\t\t\t\t\t\t\t\t\t\t\t<\/div>\n\t\t\t\t<\/div>\n\t\t\t\t<div class=\"elementor-element elementor-element-79ea0d1 elementor-widget elementor-widget-heading\" data-id=\"79ea0d1\" data-element_type=\"widget\" data-widget_type=\"heading.default\">\n\t\t\t\t<div class=\"elementor-widget-container\">\n\t\t\t\t\t<h2 class=\"elementor-heading-title elementor-size-default\">Queremos verte innovar<\/h2>\t\t\t\t<\/div>\n\t\t\t\t<\/div>\n\t\t\t\t<div class=\"elementor-element elementor-element-6e6daab elementor-widget elementor-widget-text-editor\" data-id=\"6e6daab\" data-element_type=\"widget\" data-widget_type=\"text-editor.default\">\n\t\t\t\t<div class=\"elementor-widget-container\">\n\t\t\t\t\t\t\t\t\t<p>Nuestra Cuenta Comercial est\u00e1 dirigida a empresarios que buscan soluciones efectivas donde puedan tener todos los servicios en un solo lugar.<\/p>\t\t\t\t\t\t\t\t<\/div>\n\t\t\t\t<\/div>\n\t\t\t\t<div class=\"elementor-element elementor-element-9207bdc elementor-headline--style-highlight elementor-widget elementor-widget-animated-headline\" data-id=\"9207bdc\" data-element_type=\"widget\" data-settings=\"{&quot;marker&quot;:&quot;underline&quot;,&quot;highlighted_text&quot;:&quot;futuro&quot;,&quot;headline_style&quot;:&quot;highlight&quot;,&quot;highlight_animation_duration&quot;:1200}\" data-widget_type=\"animated-headline.default\">\n\t\t\t\t<div class=\"elementor-widget-container\">\n\t\t\t\t\t\t\t<h3 class=\"elementor-headline\">\n\t\t\t\t\t<span class=\"elementor-headline-plain-text elementor-headline-text-wrapper\">M\u00e1s que una cuenta, es tu <\/span>\n\t\t\t\t<span class=\"elementor-headline-dynamic-wrapper elementor-headline-text-wrapper\">\n\t\t\t\t\t<span class=\"elementor-headline-dynamic-text elementor-headline-text-active\">futuro<\/span>\n\t\t\t\t<\/span>\n\t\t\t\t\t<span class=\"elementor-headline-plain-text elementor-headline-text-wrapper\">.<\/span>\n\t\t\t\t\t<\/h3>\n\t\t\t\t\t\t<\/div>\n\t\t\t\t<\/div>\n\t\t\t\t<div class=\"elementor-element elementor-element-5a916ec elementor-widget elementor-widget-heading\" data-id=\"5a916ec\" data-element_type=\"widget\" data-widget_type=\"heading.default\">\n\t\t\t\t<div class=\"elementor-widget-container\">\n\t\t\t\t\t<h3 class=\"elementor-heading-title elementor-size-default\">Beneficios:<\/h3>\t\t\t\t<\/div>\n\t\t\t\t<\/div>\n\t\t\t\t<div class=\"elementor-element elementor-element-6a0dd63 elementor-icon-list--layout-traditional elementor-list-item-link-full_width elementor-widget elementor-widget-icon-list\" data-id=\"6a0dd63\" data-element_type=\"widget\" data-widget_type=\"icon-list.default\">\n\t\t\t\t<div class=\"elementor-widget-container\">\n\t\t\t\t\t\t\t<ul class=\"elementor-icon-list-items\">\n\t\t\t\t\t\t\t<li class=\"elementor-icon-list-item\">\n\t\t\t\t\t\t\t\t\t\t\t<span class=\"elementor-icon-list-icon\">\n\t\t\t\t\t\t\t<i aria-hidden=\"true\" class=\"fas fa-check\"><\/i>\t\t\t\t\t\t<\/span>\n\t\t\t\t\t\t\t\t\t\t<span class=\"elementor-icon-list-text\">ATH<\/span>\n\t\t\t\t\t\t\t\t\t<\/li>\n\t\t\t\t\t\t\t\t<li class=\"elementor-icon-list-item\">\n\t\t\t\t\t\t\t\t\t\t\t<span class=\"elementor-icon-list-icon\">\n\t\t\t\t\t\t\t<i aria-hidden=\"true\" class=\"fas fa-check\"><\/i>\t\t\t\t\t\t<\/span>\n\t\t\t\t\t\t\t\t\t\t<span class=\"elementor-icon-list-text\">Estados de Cuenta<\/span>\n\t\t\t\t\t\t\t\t\t<\/li>\n\t\t\t\t\t\t\t\t<li class=\"elementor-icon-list-item\">\n\t\t\t\t\t\t\t\t\t\t\t<span class=\"elementor-icon-list-icon\">\n\t\t\t\t\t\t\t<i aria-hidden=\"true\" class=\"fas fa-check\"><\/i>\t\t\t\t\t\t<\/span>\n\t\t\t\t\t\t\t\t\t\t<span class=\"elementor-icon-list-text\">Estados de Cuenta Electr\u00f3nicos<\/span>\n\t\t\t\t\t\t\t\t\t<\/li>\n\t\t\t\t\t\t\t\t<li class=\"elementor-icon-list-item\">\n\t\t\t\t\t\t\t\t\t\t\t<span class=\"elementor-icon-list-icon\">\n\t\t\t\t\t\t\t<i aria-hidden=\"true\" class=\"fas fa-check\"><\/i>\t\t\t\t\t\t<\/span>\n\t\t\t\t\t\t\t\t\t\t<span class=\"elementor-icon-list-text\">Soporte T\u00e9cnico<\/span>\n\t\t\t\t\t\t\t\t\t<\/li>\n\t\t\t\t\t\t\t\t<li class=\"elementor-icon-list-item\">\n\t\t\t\t\t\t\t\t\t\t\t<span class=\"elementor-icon-list-icon\">\n\t\t\t\t\t\t\t<i aria-hidden=\"true\" class=\"fas fa-check\"><\/i>\t\t\t\t\t\t<\/span>\n\t\t\t\t\t\t\t\t\t\t<span class=\"elementor-icon-list-text\">Sistema de POS (cobro con tarjetas)<\/span>\n\t\t\t\t\t\t\t\t\t<\/li>\n\t\t\t\t\t\t\t\t<li class=\"elementor-icon-list-item\">\n\t\t\t\t\t\t\t\t\t\t\t<span class=\"elementor-icon-list-icon\">\n\t\t\t\t\t\t\t<i aria-hidden=\"true\" class=\"fas fa-check\"><\/i>\t\t\t\t\t\t<\/span>\n\t\t\t\t\t\t\t\t\t\t<span class=\"elementor-icon-list-text\">ATH M\u00f3vil Comercial<\/span>\n\t\t\t\t\t\t\t\t\t<\/li>\n\t\t\t\t\t\t\t\t<li class=\"elementor-icon-list-item\">\n\t\t\t\t\t\t\t\t\t\t\t<span class=\"elementor-icon-list-icon\">\n\t\t\t\t\t\t\t<i aria-hidden=\"true\" class=\"fas fa-check\"><\/i>\t\t\t\t\t\t<\/span>\n\t\t\t\t\t\t\t\t\t\t<span class=\"elementor-icon-list-text\">Acceso a Homebanking<\/span>\n\t\t\t\t\t\t\t\t\t<\/li>\n\t\t\t\t\t\t\t\t<li class=\"elementor-icon-list-item\">\n\t\t\t\t\t\t\t\t\t\t\t<span class=\"elementor-icon-list-icon\">\n\t\t\t\t\t\t\t<i aria-hidden=\"true\" class=\"fas fa-check\"><\/i>\t\t\t\t\t\t<\/span>\n\t\t\t\t\t\t\t\t\t\t<span class=\"elementor-icon-list-text\">Libreta de Cuenta<\/span>\n\t\t\t\t\t\t\t\t\t<\/li>\n\t\t\t\t\t\t<\/ul>\n\t\t\t\t\t\t<\/div>\n\t\t\t\t<\/div>\n\t\t\t\t\t<\/div>\n\t\t<\/div>\n\t\t\t\t\t<\/div>\n\t\t<\/section>\n\t\t\t\t\t<\/div>\n\t\t<\/div>\n\t\t\t\t\t<\/div>\n\t\t<\/section>\n\t\t\t\t<section class=\"elementor-section elementor-top-section elementor-element elementor-element-f666040 elementor-hidden-widescreen elementor-hidden-desktop elementor-hidden-laptop elementor-hidden-tablet elementor-hidden-mobile elementor-section-boxed elementor-section-height-default elementor-section-height-default rt-parallax-bg-no\" data-id=\"f666040\" data-element_type=\"section\">\n\t\t\t\t\t\t<div class=\"elementor-container elementor-column-gap-default\">\n\t\t\t\t\t<div class=\"elementor-column elementor-col-100 elementor-top-column elementor-element elementor-element-0e94575\" data-id=\"0e94575\" data-element_type=\"column\">\n\t\t\t<div class=\"elementor-widget-wrap elementor-element-populated\">\n\t\t\t\t\t\t<div class=\"elementor-element elementor-element-5667fc9 elementor-widget elementor-widget-heading\" data-id=\"5667fc9\" data-element_type=\"widget\" data-widget_type=\"heading.default\">\n\t\t\t\t<div class=\"elementor-widget-container\">\n\t\t\t\t\t<h2 class=\"elementor-heading-title elementor-size-default\">Cuentas Corrientes Comerciales<\/h2>\t\t\t\t<\/div>\n\t\t\t\t<\/div>\n\t\t\t\t<div class=\"elementor-element elementor-element-143a582 elementor-widget elementor-widget-text-editor\" data-id=\"143a582\" data-element_type=\"widget\" data-widget_type=\"text-editor.default\">\n\t\t\t\t<div class=\"elementor-widget-container\">\n\t\t\t\t\t\t\t\t\t<p class=\"font_8 wixui-rich-text__text\" style=\"font-size: 22px;\"><span class=\"wixui-rich-text__text\" style=\"font-size: 22px;\">Confianza y seguridad garantizada<\/span><\/p><p><span class=\"wixui-rich-text__text\" style=\"font-size: 22px;\">Requiere un dep\u00f3sito inicial de $200.00 y refleja un cargo de servicio de $10.00 mensuales.<\/span><\/p>\t\t\t\t\t\t\t\t<\/div>\n\t\t\t\t<\/div>\n\t\t\t\t\t<\/div>\n\t\t<\/div>\n\t\t\t\t\t<\/div>\n\t\t<\/section>\n\t\t\t\t<section class=\"elementor-section elementor-top-section elementor-element elementor-element-e816587 elementor-hidden-widescreen elementor-hidden-desktop elementor-hidden-laptop elementor-hidden-tablet elementor-hidden-mobile elementor-section-boxed elementor-section-height-default elementor-section-height-default rt-parallax-bg-no\" data-id=\"e816587\" data-element_type=\"section\">\n\t\t\t\t\t\t<div class=\"elementor-container elementor-column-gap-default\">\n\t\t\t\t\t<div class=\"elementor-column elementor-col-100 elementor-top-column elementor-element elementor-element-30076c9\" data-id=\"30076c9\" data-element_type=\"column\">\n\t\t\t<div class=\"elementor-widget-wrap elementor-element-populated\">\n\t\t\t\t\t\t<div class=\"elementor-element elementor-element-33c555d elementor-widget elementor-widget-heading\" data-id=\"33c555d\" data-element_type=\"widget\" data-widget_type=\"heading.default\">\n\t\t\t\t<div class=\"elementor-widget-container\">\n\t\t\t\t\t<h2 class=\"elementor-heading-title elementor-size-default\">Tipos de Cuentas<\/h2>\t\t\t\t<\/div>\n\t\t\t\t<\/div>\n\t\t\t\t<section class=\"elementor-section elementor-inner-section elementor-element elementor-element-143ae8d elementor-section-boxed elementor-section-height-default elementor-section-height-default rt-parallax-bg-no\" data-id=\"143ae8d\" data-element_type=\"section\">\n\t\t\t\t\t\t<div class=\"elementor-container elementor-column-gap-default\">\n\t\t\t\t\t<div class=\"elementor-column elementor-col-100 elementor-inner-column elementor-element elementor-element-cfdd62c\" data-id=\"cfdd62c\" data-element_type=\"column\">\n\t\t\t<div class=\"elementor-widget-wrap elementor-element-populated\">\n\t\t\t\t\t\t<div class=\"elementor-element elementor-element-dd10f60 elementor-widget elementor-widget-rt-info-box\" data-id=\"dd10f60\" data-element_type=\"widget\" data-widget_type=\"rt-info-box.default\">\n\t\t\t\t<div class=\"elementor-widget-container\">\n\t\t\t\t\t<div class=\"info-box info-style4 hide-border\">\n\t<div class=\"info-item  media-image\">\n\t\t<div class=\"info-content media-body\">\n\t\t\t<div class=\"icon-circle-image\">\n\t\t\t\t<div class=\"hover-image\">\n\t\t\t\t\t\t\t\t\t\t  <img decoding=\"async\" src=\"https:\/\/admichess.com\/larcoop\/wp-content\/themes\/finbuzz\/assets\/element\/circle_active.svg\" height=\"82\" width=\"82\" alt=\"figure\">\n\t\t\t\t\t\t\t\t\t<\/div>\n\t\t\t\t  \t\t\t\t\t  <img decoding=\"async\" src=\"https:\/\/admichess.com\/larcoop\/wp-content\/themes\/finbuzz\/assets\/element\/circle_inactive.svg\" height=\"82\" width=\"82\" alt=\"figure\">\n\t\t\t\t\t\t\t\t <div class=\"icon-image\">\n\t\t\t\t\t\t            \n\t\t\t\t\t<span class=\"info-img\"><img fetchpriority=\"high\" decoding=\"async\" width=\"1161\" height=\"421\" src=\"https:\/\/admichess.com\/larcoop\/wp-content\/uploads\/2024\/11\/Screen-Shot-2018-06-08-at-11.25.39-AM-6.png\" class=\"attachment-full size-full wp-image-9544\" alt=\"\" srcset=\"https:\/\/admichess.com\/larcoop\/wp-content\/uploads\/2024\/11\/Screen-Shot-2018-06-08-at-11.25.39-AM-6.png 1161w, https:\/\/admichess.com\/larcoop\/wp-content\/uploads\/2024\/11\/Screen-Shot-2018-06-08-at-11.25.39-AM-6-300x109.png 300w, https:\/\/admichess.com\/larcoop\/wp-content\/uploads\/2024\/11\/Screen-Shot-2018-06-08-at-11.25.39-AM-6-1024x371.png 1024w, https:\/\/admichess.com\/larcoop\/wp-content\/uploads\/2024\/11\/Screen-Shot-2018-06-08-at-11.25.39-AM-6-768x278.png 768w\" sizes=\"(max-width: 1161px) 100vw, 1161px\" \/><\/span>  \n\t\t\t\t\t\t\t\t<\/div>\n\t\t\t<\/div>\t\n\t\t\t\t\t\t\t<h3 class=\"info-title\">Cuentas a Sociedades<\/h3>\n\t\t\t\t\t\t\t\t\t\t<p class=\"info-text\">\n\t\t\t\t\t<h5>Requistos<\/h5>&#10004; Documento de la constituci\u00f3n de la sociedad o declaraci\u00f3n jurada donde comparezcan todos los socios de la referida Sociedad haciendo constar:\n\n<li style=\"margin-left: 21px\">La naturaleza de la Sociedad<\/li>\n\n<li style=\"margin-left: 21px\">La fecha en que se constituy\u00f3 la Sociedad<\/li>\n\n<li style=\"margin-left: 21px\">El prop\u00f3sito de la Sociedad<\/li>\n<br>\n&#10004; Evidencia del estatus legal (\u201cGood Standing\u201d) de la Sociedad (si aplica)<br>\n&#10004; Resoluci\u00f3n autorizando el establecimiento de la cuenta e indicando los nombres, puestos y firmas autorizadas en la cuenta.<br>\n&#10004; Identificaci\u00f3n con foto, tarjeta de Seguro Social, evidencia de direcci\u00f3n postal y residencial y evidencia de ingresos de todas las firmas autorizadas.\n<br> &#10004; Patente Municipal y Registro de Comerciante<br>\n&#10004;  Estado Financiero y Planilla de Contribuci\u00f3n sobre Ingresos\t\t\t    <\/p>\n\t\t\t\t\t\t\t\t<\/div>\n\t<\/div>\n<\/div>\t\t\t\t<\/div>\n\t\t\t\t<\/div>\n\t\t\t\t\t<\/div>\n\t\t<\/div>\n\t\t\t\t\t<\/div>\n\t\t<\/section>\n\t\t\t\t<section class=\"elementor-section elementor-inner-section elementor-element elementor-element-06121ad elementor-section-boxed elementor-section-height-default elementor-section-height-default rt-parallax-bg-no\" data-id=\"06121ad\" data-element_type=\"section\">\n\t\t\t\t\t\t<div class=\"elementor-container elementor-column-gap-default\">\n\t\t\t\t\t<div class=\"elementor-column elementor-col-100 elementor-inner-column elementor-element elementor-element-4d34e9e\" data-id=\"4d34e9e\" data-element_type=\"column\">\n\t\t\t<div class=\"elementor-widget-wrap elementor-element-populated\">\n\t\t\t\t\t\t<div class=\"elementor-element elementor-element-97d34fb elementor-widget elementor-widget-rt-info-box\" data-id=\"97d34fb\" data-element_type=\"widget\" data-widget_type=\"rt-info-box.default\">\n\t\t\t\t<div class=\"elementor-widget-container\">\n\t\t\t\t\t<div class=\"info-box info-style4 show-border\">\n\t<div class=\"info-item  media-image\">\n\t\t<div class=\"info-content media-body\">\n\t\t\t<div class=\"icon-circle-image\">\n\t\t\t\t<div class=\"hover-image\">\n\t\t\t\t\t\t\t\t\t\t  <img decoding=\"async\" src=\"https:\/\/admichess.com\/larcoop\/wp-content\/themes\/finbuzz\/assets\/element\/circle_active.svg\" height=\"82\" width=\"82\" alt=\"figure\">\n\t\t\t\t\t\t\t\t\t<\/div>\n\t\t\t\t  \t\t\t\t\t  <img decoding=\"async\" src=\"https:\/\/admichess.com\/larcoop\/wp-content\/themes\/finbuzz\/assets\/element\/circle_inactive.svg\" height=\"82\" width=\"82\" alt=\"figure\">\n\t\t\t\t\t\t\t\t <div class=\"icon-image\">\n\t\t\t\t\t\t            \n\t\t\t\t\t<span class=\"info-img\"><img loading=\"lazy\" decoding=\"async\" width=\"75\" height=\"68\" src=\"https:\/\/admichess.com\/larcoop\/wp-content\/uploads\/2022\/05\/figure42Certificados-docuemtno-12.png\" class=\"attachment-thumbnail size-thumbnail wp-image-7900\" alt=\"\" \/><\/span>  \n\t\t\t\t\t\t\t\t<\/div>\n\t\t\t<\/div>\t\n\t\t\t\t\t\t\t<h3 class=\"info-title\">Cuentas a Corporaciones <\/h3>\n\t\t\t\t\t\t\t\t\t\t<p class=\"info-text\">\n\t\t\t\t\t<h5>Requistos<\/h5>&#10004; Certificado de Registro de Comerciante, Incorporaci\u00f3n y Patente Municipal\n<br>\n&#10004; Estado Financiero y Planilla de Contribuci\u00f3n sobre Ingresos<br>\n&#10004; Evidencia del estatus legal (\u201cGood Standing\u201d), si aplica<br>\n&#10004; Resoluci\u00f3n autorizando el establecimiento de la cuenta e indicando los nombres, puestos y firmas autorizada.\n<br> &#10004; Copia del Seguro Social Patronal, si aplica<br>\n&#10004; Declaraci\u00f3n sobre el volumen de negocios <br>\n&#10004; Identificaci\u00f3n con foto, tarjeta de Seguro Social, evidencia de direcci\u00f3n postal y residencial y evidencia de ingresos de todas las firmas autorizadas.\t\t\t    <\/p>\n\t\t\t\t\t\t\t\t<\/div>\n\t<\/div>\n<\/div>\t\t\t\t<\/div>\n\t\t\t\t<\/div>\n\t\t\t\t\t<\/div>\n\t\t<\/div>\n\t\t\t\t\t<\/div>\n\t\t<\/section>\n\t\t\t\t<section class=\"elementor-section elementor-inner-section elementor-element elementor-element-f90eba5 elementor-section-boxed elementor-section-height-default elementor-section-height-default rt-parallax-bg-no\" data-id=\"f90eba5\" data-element_type=\"section\">\n\t\t\t\t\t\t<div class=\"elementor-container elementor-column-gap-default\">\n\t\t\t\t\t<div class=\"elementor-column elementor-col-100 elementor-inner-column elementor-element elementor-element-b65898b\" data-id=\"b65898b\" data-element_type=\"column\">\n\t\t\t<div class=\"elementor-widget-wrap elementor-element-populated\">\n\t\t\t\t\t\t<div class=\"elementor-element elementor-element-03227a8 elementor-widget elementor-widget-rt-info-box\" data-id=\"03227a8\" data-element_type=\"widget\" data-widget_type=\"rt-info-box.default\">\n\t\t\t\t<div class=\"elementor-widget-container\">\n\t\t\t\t\t<div class=\"info-box info-style4 hide-border\">\n\t<div class=\"info-item  media-image\">\n\t\t<div class=\"info-content media-body\">\n\t\t\t<div class=\"icon-circle-image\">\n\t\t\t\t<div class=\"hover-image\">\n\t\t\t\t\t\t\t\t\t\t  <img decoding=\"async\" src=\"https:\/\/admichess.com\/larcoop\/wp-content\/themes\/finbuzz\/assets\/element\/circle_active.svg\" height=\"82\" width=\"82\" alt=\"figure\">\n\t\t\t\t\t\t\t\t\t<\/div>\n\t\t\t\t  \t\t\t\t\t  <img decoding=\"async\" src=\"https:\/\/admichess.com\/larcoop\/wp-content\/themes\/finbuzz\/assets\/element\/circle_inactive.svg\" height=\"82\" width=\"82\" alt=\"figure\">\n\t\t\t\t\t\t\t\t <div class=\"icon-image\">\n\t\t\t\t\t\t            \n\t\t\t\t\t<span class=\"info-img\"><img loading=\"lazy\" decoding=\"async\" width=\"45\" height=\"41\" src=\"https:\/\/admichess.com\/larcoop\/wp-content\/uploads\/2022\/05\/figure42-haciendo-negocio-1.png\" class=\"attachment-thumbnail size-thumbnail wp-image-7901\" alt=\"\" \/><\/span>  \n\t\t\t\t\t\t\t\t<\/div>\n\t\t\t<\/div>\t\n\t\t\t\t\t\t\t<h3 class=\"info-title\">Cuentas \u201cHaciendo Negocios Como\u201d (DBA)<\/h3>\n\t\t\t\t\t\t\t\t\t\t<p class=\"info-text\">\n\t\t\t\t\t<h5>Requistos<\/h5>\n<h6>Declaraci\u00f3n Jurada que incluya:<\/h6>\n&#10004; Que la persona hace negocios bajo un nombre.\n<br>\n&#10004; Que su negocio no est\u00e1 incorporado.<br>\n&#10004; Evidencia del estatus legal (\u201cGood Standing\u201d), si aplica.<br>\n&#10004; Que es el \u00fanico propietario, que ninguna otra persona tiene inter\u00e9s, derecho, participaci\u00f3n o t\u00edtulo sobre el negocio.\n<br> &#10004; Copia de la documentaci\u00f3n acreditativa de la operaci\u00f3n, naturaleza y condici\u00f3n financiera del negocio o entidad:<br>\n<li style=\"margin-left: 21px\"> Estados Financieros.<\/li>\n<li style=\"margin-left: 21px\">Declaraci\u00f3n sobre el volumen del negocio.<\/li>\n<li style=\"margin-left: 21px\"> Planillas de contribuci\u00f3n sobre ingresos para el a\u00f1o precedente a la apertura de la cuenta.<\/li>\n&#10004; Copia de patente municipal vigente.<br>\n&#10004;Certificado del registro de comerciante. <br>\n&#10004;ldentificaci\u00f3n con foto, tarjeta de Seguro Social, evidencia de direcci\u00f3n postal y residencial y evidencia de ingreso de todas las firmas autorizadas. \n\t\t\t    <\/p>\n\t\t\t\t\t\t\t\t<\/div>\n\t<\/div>\n<\/div>\t\t\t\t<\/div>\n\t\t\t\t<\/div>\n\t\t\t\t\t<\/div>\n\t\t<\/div>\n\t\t\t\t\t<\/div>\n\t\t<\/section>\n\t\t\t\t\t<\/div>\n\t\t<\/div>\n\t\t\t\t\t<\/div>\n\t\t<\/section>\n\t\t\t\t<\/div>\n\t\t","protected":false},"excerpt":{"rendered":"<p>Queremos verte innovar Nuestra Cuenta Comercial est\u00e1 dirigida a empresarios que buscan soluciones efectivas donde puedan tener todos los servicios en un solo lugar. M\u00e1s que una cuenta, es tu futuro . Beneficios: ATH Estados de Cuenta Estados de Cuenta Electr\u00f3nicos Soporte T\u00e9cnico Sistema de POS (cobro con tarjetas) ATH M\u00f3vil Comercial Acceso a Homebanking [&hellip;]<\/p>\n","protected":false},"author":1,"featured_media":0,"parent":0,"menu_order":0,"comment_status":"closed","ping_status":"closed","template":"","meta":{"footnotes":""},"class_list":["post-7895","page","type-page","status-publish","hentry"],"_links":{"self":[{"href":"https:\/\/admichess.com\/larcoop\/wp-json\/wp\/v2\/pages\/7895","targetHints":{"allow":["GET"]}}],"collection":[{"href":"https:\/\/admichess.com\/larcoop\/wp-json\/wp\/v2\/pages"}],"about":[{"href":"https:\/\/admichess.com\/larcoop\/wp-json\/wp\/v2\/types\/page"}],"author":[{"embeddable":true,"href":"https:\/\/admichess.com\/larcoop\/wp-json\/wp\/v2\/users\/1"}],"replies":[{"embeddable":true,"href":"https:\/\/admichess.com\/larcoop\/wp-json\/wp\/v2\/comments?post=7895"}],"version-history":[{"count":36,"href":"https:\/\/admichess.com\/larcoop\/wp-json\/wp\/v2\/pages\/7895\/revisions"}],"predecessor-version":[{"id":9558,"href":"https:\/\/admichess.com\/larcoop\/wp-json\/wp\/v2\/pages\/7895\/revisions\/9558"}],"wp:attachment":[{"href":"https:\/\/admichess.com\/larcoop\/wp-json\/wp\/v2\/media?parent=7895"}],"curies":[{"name":"wp","href":"https:\/\/api.w.org\/{rel}","templated":true}]}}