{"id":7944,"date":"2022-05-06T17:26:51","date_gmt":"2022-05-06T17:26:51","guid":{"rendered":"http:\/\/admichess.com\/juanadiaz-coop\/?page_id=7944"},"modified":"2024-11-15T14:24:21","modified_gmt":"2024-11-15T14:24:21","slug":"cuentas-corrientes","status":"publish","type":"page","link":"https:\/\/admichess.com\/larcoop\/cuentas-corrientes\/","title":{"rendered":"Cuentas Corrientes"},"content":{"rendered":"\t\t<div data-elementor-type=\"wp-page\" data-elementor-id=\"7944\" class=\"elementor elementor-7944\" data-elementor-post-type=\"page\">\n\t\t\t\t\t\t<section class=\"elementor-section elementor-top-section elementor-element elementor-element-564c4d5 elementor-section-boxed elementor-section-height-default elementor-section-height-default rt-parallax-bg-no\" data-id=\"564c4d5\" data-element_type=\"section\">\n\t\t\t\t\t\t<div class=\"elementor-container elementor-column-gap-default\">\n\t\t\t\t\t<div class=\"elementor-column elementor-col-100 elementor-top-column elementor-element elementor-element-15bddd5\" data-id=\"15bddd5\" data-element_type=\"column\">\n\t\t\t<div class=\"elementor-widget-wrap elementor-element-populated\">\n\t\t\t\t\t\t\t<\/div>\n\t\t<\/div>\n\t\t\t\t\t<\/div>\n\t\t<\/section>\n\t\t\t\t<section class=\"elementor-section elementor-top-section elementor-element elementor-element-e816587 elementor-section-boxed elementor-section-height-default elementor-section-height-default rt-parallax-bg-no\" data-id=\"e816587\" data-element_type=\"section\">\n\t\t\t\t\t\t<div class=\"elementor-container elementor-column-gap-default\">\n\t\t\t\t\t<div class=\"elementor-column elementor-col-100 elementor-top-column elementor-element elementor-element-30076c9\" data-id=\"30076c9\" data-element_type=\"column\">\n\t\t\t<div class=\"elementor-widget-wrap elementor-element-populated\">\n\t\t\t\t\t\t<section class=\"elementor-section elementor-inner-section elementor-element elementor-element-40efe08 elementor-section-boxed elementor-section-height-default elementor-section-height-default rt-parallax-bg-no\" data-id=\"40efe08\" data-element_type=\"section\">\n\t\t\t\t\t\t<div class=\"elementor-container elementor-column-gap-default\">\n\t\t\t\t\t<div class=\"elementor-column elementor-col-100 elementor-inner-column elementor-element elementor-element-efcf395\" data-id=\"efcf395\" data-element_type=\"column\">\n\t\t\t<div class=\"elementor-widget-wrap elementor-element-populated\">\n\t\t\t\t\t\t<div class=\"elementor-element elementor-element-b9eda4b elementor-widget elementor-widget-rt-info-box\" data-id=\"b9eda4b\" data-element_type=\"widget\" data-widget_type=\"rt-info-box.default\">\n\t\t\t\t<div class=\"elementor-widget-container\">\n\t\t\t\t\t<div class=\"info-box info-style4 hide-border\">\n\t<div class=\"info-item  media-image\">\n\t\t<div class=\"info-content media-body\">\n\t\t\t<div class=\"icon-circle-image\">\n\t\t\t\t<div class=\"hover-image\">\n\t\t\t\t\t\t\t\t\t\t  <img decoding=\"async\" src=\"https:\/\/admichess.com\/larcoop\/wp-content\/themes\/finbuzz\/assets\/element\/circle_active.svg\" height=\"82\" width=\"82\" alt=\"figure\">\n\t\t\t\t\t\t\t\t\t<\/div>\n\t\t\t\t  \t\t\t\t\t  <img decoding=\"async\" src=\"https:\/\/admichess.com\/larcoop\/wp-content\/themes\/finbuzz\/assets\/element\/circle_inactive.svg\" height=\"82\" width=\"82\" alt=\"figure\">\n\t\t\t\t\t\t\t\t <div class=\"icon-image\">\n\t\t\t\t\t\t            \n\t\t\t\t\t<span class=\"info-img\"><img decoding=\"async\" width=\"75\" height=\"68\" src=\"https:\/\/admichess.com\/larcoop\/wp-content\/uploads\/2022\/05\/figure429443.png\" class=\"attachment-medium_large size-medium_large wp-image-7946\" alt=\"\" \/><\/span>  \n\t\t\t\t\t\t\t\t<\/div>\n\t\t\t<\/div>\t\n\t\t\t\t\t\t\t<h3 class=\"info-title\">Cuenta de Cheques<\/h3>\n\t\t\t\t\t\t\t\t\t\t<p class=\"info-text\">\n\t\t\t\t\tNo existe balance m\u00ednimo mensual. Cargo mensual por el manejo de la cuenta. Hasta 50 transacciones al mes sin cargos adicional.\n<h5>Beneficios: <\/h5>\n&#10004; Permite acogerse a dep\u00f3sito directo\n<br> &#10004; Puedes realizar transacciones electr\u00f3nicas (d\u00e9bito y cr\u00e9dito)<br>\n&#10004; Acceso a tu cuenta a trav\u00e9s de Tele Coop, M\u00f3vil Coop y Home Banking 24\/7<br>\n&#10004;  Permite la emisi\u00f3n de tarjeta ATH<br>\n&#10004; No cargos por cheques girados durante el mes<br>\n&#10004; Mejor control de sus finanzas<br>\n<br>\n<h5>Requistos: <\/h5>&#10004; Identificaci\u00f3n con foto vigente (Licencia o Pasaporte) <br>\n&#10004; Tarjeta de Seguro Social (original)<br>\n&#10004; Evidencia de Ingresos (talonarios, certificaci\u00f3n de empleo, estados de cuentas, etc.)<br>\n&#10004; Evidencia de direcci\u00f3n f\u00edsica y postal (Recibo de agua o luz con no m\u00e1s de 30 d\u00edas de expedido)\n\t\t\t    <\/p>\n\t\t\t\t\t\t\t\t<\/div>\n\t<\/div>\n<\/div>\t\t\t\t<\/div>\n\t\t\t\t<\/div>\n\t\t\t\t\t<\/div>\n\t\t<\/div>\n\t\t\t\t\t<\/div>\n\t\t<\/section>\n\t\t\t\t\t<\/div>\n\t\t<\/div>\n\t\t\t\t\t<\/div>\n\t\t<\/section>\n\t\t\t\t<section class=\"elementor-section elementor-top-section elementor-element elementor-element-1c7d216 elementor-section-boxed elementor-section-height-default elementor-section-height-default rt-parallax-bg-no\" data-id=\"1c7d216\" data-element_type=\"section\" data-settings=\"{&quot;background_background&quot;:&quot;classic&quot;}\">\n\t\t\t\t\t\t<div class=\"elementor-container elementor-column-gap-default\">\n\t\t\t\t\t<div class=\"elementor-column elementor-col-100 elementor-top-column elementor-element elementor-element-19a1590\" data-id=\"19a1590\" data-element_type=\"column\">\n\t\t\t<div class=\"elementor-widget-wrap elementor-element-populated\">\n\t\t\t\t\t\t<div class=\"elementor-element elementor-element-ad1c751 elementor-widget elementor-widget-text-editor\" data-id=\"ad1c751\" data-element_type=\"widget\" data-widget_type=\"text-editor.default\">\n\t\t\t\t<div class=\"elementor-widget-container\">\n\t\t\t\t\t\t\t\t\t<p>Acciones y Dep\u00f3sitos Asegurados por COSSEC hasta $250,000. El Gobierno Federal no asegura esta Instituci\u00f3n.<\/p>\t\t\t\t\t\t\t\t<\/div>\n\t\t\t\t<\/div>\n\t\t\t\t\t<\/div>\n\t\t<\/div>\n\t\t\t\t\t<\/div>\n\t\t<\/section>\n\t\t\t\t<\/div>\n\t\t","protected":false},"excerpt":{"rendered":"<p>Cuenta de Cheques No existe balance m\u00ednimo mensual. Cargo mensual por el manejo de la cuenta. Hasta 50 transacciones al mes sin cargos adicional. Beneficios: &#10004; Permite acogerse a dep\u00f3sito directo &#10004; Puedes realizar transacciones electr\u00f3nicas (d\u00e9bito y cr\u00e9dito) &#10004; Acceso a tu cuenta a trav\u00e9s de Tele Coop, M\u00f3vil Coop y Home Banking 24\/7 [&hellip;]<\/p>\n","protected":false},"author":1,"featured_media":0,"parent":0,"menu_order":0,"comment_status":"closed","ping_status":"closed","template":"","meta":{"footnotes":""},"class_list":["post-7944","page","type-page","status-publish","hentry"],"_links":{"self":[{"href":"https:\/\/admichess.com\/larcoop\/wp-json\/wp\/v2\/pages\/7944","targetHints":{"allow":["GET"]}}],"collection":[{"href":"https:\/\/admichess.com\/larcoop\/wp-json\/wp\/v2\/pages"}],"about":[{"href":"https:\/\/admichess.com\/larcoop\/wp-json\/wp\/v2\/types\/page"}],"author":[{"embeddable":true,"href":"https:\/\/admichess.com\/larcoop\/wp-json\/wp\/v2\/users\/1"}],"replies":[{"embeddable":true,"href":"https:\/\/admichess.com\/larcoop\/wp-json\/wp\/v2\/comments?post=7944"}],"version-history":[{"count":15,"href":"https:\/\/admichess.com\/larcoop\/wp-json\/wp\/v2\/pages\/7944\/revisions"}],"predecessor-version":[{"id":9542,"href":"https:\/\/admichess.com\/larcoop\/wp-json\/wp\/v2\/pages\/7944\/revisions\/9542"}],"wp:attachment":[{"href":"https:\/\/admichess.com\/larcoop\/wp-json\/wp\/v2\/media?parent=7944"}],"curies":[{"name":"wp","href":"https:\/\/api.w.org\/{rel}","templated":true}]}}