{"id":8516,"date":"2022-06-23T15:15:23","date_gmt":"2022-06-23T15:15:23","guid":{"rendered":"http:\/\/admichess.com\/juanadiaz-coop\/?page_id=8516"},"modified":"2024-11-13T01:35:49","modified_gmt":"2024-11-13T01:35:49","slug":"cuentas-de-acciones","status":"publish","type":"page","link":"https:\/\/admichess.com\/larcoop\/cuentas-de-acciones\/","title":{"rendered":"Cuentas de Acciones"},"content":{"rendered":"\t\t<div data-elementor-type=\"wp-page\" data-elementor-id=\"8516\" class=\"elementor elementor-8516\" data-elementor-post-type=\"page\">\n\t\t\t\t\t\t<section class=\"elementor-section elementor-top-section elementor-element elementor-element-604dedd elementor-section-boxed elementor-section-height-default elementor-section-height-default rt-parallax-bg-no\" data-id=\"604dedd\" data-element_type=\"section\">\n\t\t\t\t\t\t<div class=\"elementor-container elementor-column-gap-default\">\n\t\t\t\t\t<div class=\"elementor-column elementor-col-100 elementor-top-column elementor-element elementor-element-ab133f7\" data-id=\"ab133f7\" data-element_type=\"column\">\n\t\t\t<div class=\"elementor-widget-wrap elementor-element-populated\">\n\t\t\t\t\t\t\t<\/div>\n\t\t<\/div>\n\t\t\t\t\t<\/div>\n\t\t<\/section>\n\t\t\t\t<section class=\"elementor-section elementor-top-section elementor-element elementor-element-e816587 elementor-section-boxed elementor-section-height-default elementor-section-height-default rt-parallax-bg-no\" data-id=\"e816587\" data-element_type=\"section\">\n\t\t\t\t\t\t<div class=\"elementor-container elementor-column-gap-default\">\n\t\t\t\t\t<div class=\"elementor-column elementor-col-100 elementor-top-column elementor-element elementor-element-30076c9\" data-id=\"30076c9\" data-element_type=\"column\">\n\t\t\t<div class=\"elementor-widget-wrap elementor-element-populated\">\n\t\t\t\t\t\t<section class=\"elementor-section elementor-inner-section elementor-element elementor-element-40efe08 elementor-section-boxed elementor-section-height-default elementor-section-height-default rt-parallax-bg-no\" data-id=\"40efe08\" data-element_type=\"section\">\n\t\t\t\t\t\t<div class=\"elementor-container elementor-column-gap-default\">\n\t\t\t\t\t<div class=\"elementor-column elementor-col-100 elementor-inner-column elementor-element elementor-element-efcf395\" data-id=\"efcf395\" data-element_type=\"column\">\n\t\t\t<div class=\"elementor-widget-wrap elementor-element-populated\">\n\t\t\t\t\t\t<div class=\"elementor-element elementor-element-b9eda4b elementor-widget elementor-widget-rt-info-box\" data-id=\"b9eda4b\" data-element_type=\"widget\" data-widget_type=\"rt-info-box.default\">\n\t\t\t\t<div class=\"elementor-widget-container\">\n\t\t\t\t\t<div class=\"info-box info-style4 hide-border\">\n\t<div class=\"info-item  media-image\">\n\t\t<div class=\"info-content media-body\">\n\t\t\t<div class=\"icon-circle-image\">\n\t\t\t\t<div class=\"hover-image\">\n\t\t\t\t\t\t\t\t\t\t  <img decoding=\"async\" src=\"https:\/\/admichess.com\/larcoop\/wp-content\/themes\/finbuzz\/assets\/element\/circle_active.svg\" height=\"82\" width=\"82\" alt=\"figure\">\n\t\t\t\t\t\t\t\t\t<\/div>\n\t\t\t\t  \t\t\t\t\t  <img decoding=\"async\" src=\"https:\/\/admichess.com\/larcoop\/wp-content\/themes\/finbuzz\/assets\/element\/circle_inactive.svg\" height=\"82\" width=\"82\" alt=\"figure\">\n\t\t\t\t\t\t\t\t <div class=\"icon-image\">\n\t\t\t\t\t\t            \n\t\t\t\t\t<span class=\"info-img\"><img decoding=\"async\" width=\"75\" height=\"68\" src=\"https:\/\/admichess.com\/larcoop\/wp-content\/uploads\/2022\/06\/fgjhkjkhnuli.png\" class=\"attachment-full size-full wp-image-8517\" alt=\"\" \/><\/span>  \n\t\t\t\t\t\t\t\t<\/div>\n\t\t\t<\/div>\t\n\t\t\t\t\t\t\t<h3 class=\"info-title\">Cuenta de Acciones<\/h3>\n\t\t\t\t\t\t\t\t\t\t<p class=\"info-text\">\n\t\t\t\t\tEs un plan de ahorro sistem\u00e1tico mediante el cual el socio adquiere por lo menos 1 acci\u00f3n mensual por solo $10.00 (12 acciones al a\u00f1o = $120.00) y anualmente se le pagan dividendos y patrocinios de acuerdo a los sobrantes en las operaciones. El ser socio le hace due\u00f1o de esta su Cooperativa, brind\u00e1ndole la oportunidad de obtener mejores beneficios a trav\u00e9s de nuestras sucursales.\n<br><br>\n&#10004; Cuenta de acciones se inicia con $120.00.\n<br \/>\n&#10004; Para ser socio activo se debe depositar por un a\u00f1o un equivalente de $120.00 en acciones.\n\n<br>\n<h5>Requistos: <\/h5>&#10004; Identificaci\u00f3n con foto vigente (Licencia o Pasaporte) <br>\n&#10004; Tarjeta de Seguro Social (original)<br>\n&#10004; Evidencia de Ingresos (talonarios, certificaci\u00f3n de empleo, estados de cuentas, etc.)<br>\n&#10004; Evidencia de direcci\u00f3n f\u00edsica y postal (Recibo de agua o luz con no m\u00e1s de 30 d\u00edas de expedido)\n\t\t\t    <\/p>\n\t\t\t\t\t\t\t\t<\/div>\n\t<\/div>\n<\/div>\t\t\t\t<\/div>\n\t\t\t\t<\/div>\n\t\t\t\t\t<\/div>\n\t\t<\/div>\n\t\t\t\t\t<\/div>\n\t\t<\/section>\n\t\t\t\t\t<\/div>\n\t\t<\/div>\n\t\t\t\t\t<\/div>\n\t\t<\/section>\n\t\t\t\t<section class=\"elementor-section elementor-top-section elementor-element elementor-element-1c7d216 elementor-section-boxed elementor-section-height-default elementor-section-height-default rt-parallax-bg-no\" data-id=\"1c7d216\" data-element_type=\"section\" data-settings=\"{&quot;background_background&quot;:&quot;classic&quot;}\">\n\t\t\t\t\t\t<div class=\"elementor-container elementor-column-gap-default\">\n\t\t\t\t\t<div class=\"elementor-column elementor-col-100 elementor-top-column elementor-element elementor-element-19a1590\" data-id=\"19a1590\" data-element_type=\"column\">\n\t\t\t<div class=\"elementor-widget-wrap elementor-element-populated\">\n\t\t\t\t\t\t<div class=\"elementor-element elementor-element-ad1c751 elementor-widget elementor-widget-text-editor\" data-id=\"ad1c751\" data-element_type=\"widget\" data-widget_type=\"text-editor.default\">\n\t\t\t\t<div class=\"elementor-widget-container\">\n\t\t\t\t\t\t\t\t\t<p>*Ingresar antes de los 65 a\u00f1os, llevar m\u00e1s de un a\u00f1o como socio y tener las acciones al d\u00eda. Reglamentariamente es su deber adquirir un m\u00ednimo de $10.00 mensuales para continuar como socio activo y disfrutar a plenitud de todos los beneficios.<\/p>\t\t\t\t\t\t\t\t<\/div>\n\t\t\t\t<\/div>\n\t\t\t\t\t<\/div>\n\t\t<\/div>\n\t\t\t\t\t<\/div>\n\t\t<\/section>\n\t\t\t\t<\/div>\n\t\t","protected":false},"excerpt":{"rendered":"<p>Cuenta de Acciones Es un plan de ahorro sistem\u00e1tico mediante el cual el socio adquiere por lo menos 1 acci\u00f3n mensual por solo $10.00 (12 acciones al a\u00f1o = $120.00) y anualmente se le pagan dividendos y patrocinios de acuerdo a los sobrantes en las operaciones. El ser socio le hace due\u00f1o de esta su [&hellip;]<\/p>\n","protected":false},"author":1,"featured_media":0,"parent":0,"menu_order":0,"comment_status":"closed","ping_status":"closed","template":"","meta":{"footnotes":""},"class_list":["post-8516","page","type-page","status-publish","hentry"],"_links":{"self":[{"href":"https:\/\/admichess.com\/larcoop\/wp-json\/wp\/v2\/pages\/8516","targetHints":{"allow":["GET"]}}],"collection":[{"href":"https:\/\/admichess.com\/larcoop\/wp-json\/wp\/v2\/pages"}],"about":[{"href":"https:\/\/admichess.com\/larcoop\/wp-json\/wp\/v2\/types\/page"}],"author":[{"embeddable":true,"href":"https:\/\/admichess.com\/larcoop\/wp-json\/wp\/v2\/users\/1"}],"replies":[{"embeddable":true,"href":"https:\/\/admichess.com\/larcoop\/wp-json\/wp\/v2\/comments?post=8516"}],"version-history":[{"count":16,"href":"https:\/\/admichess.com\/larcoop\/wp-json\/wp\/v2\/pages\/8516\/revisions"}],"predecessor-version":[{"id":9482,"href":"https:\/\/admichess.com\/larcoop\/wp-json\/wp\/v2\/pages\/8516\/revisions\/9482"}],"wp:attachment":[{"href":"https:\/\/admichess.com\/larcoop\/wp-json\/wp\/v2\/media?parent=8516"}],"curies":[{"name":"wp","href":"https:\/\/api.w.org\/{rel}","templated":true}]}}