{"id":9604,"date":"2024-11-19T15:15:34","date_gmt":"2024-11-19T15:15:34","guid":{"rendered":"https:\/\/admichess.com\/larcoop\/?page_id=9604"},"modified":"2025-12-18T20:43:29","modified_gmt":"2025-12-18T20:43:29","slug":"pagos-en-linea","status":"publish","type":"page","link":"https:\/\/admichess.com\/larcoop\/pagos-en-linea\/","title":{"rendered":"Pagos en linea"},"content":{"rendered":"\t\t<div data-elementor-type=\"wp-page\" data-elementor-id=\"9604\" class=\"elementor elementor-9604\" data-elementor-post-type=\"page\">\n\t\t\t\t\t\t<section class=\"elementor-section elementor-top-section elementor-element elementor-element-ff06e46 elementor-section-full_width elementor-section-height-default elementor-section-height-default rt-parallax-bg-no\" data-id=\"ff06e46\" data-element_type=\"section\">\n\t\t\t\t\t\t<div class=\"elementor-container elementor-column-gap-default\">\n\t\t\t\t\t<div class=\"elementor-column elementor-col-100 elementor-top-column elementor-element elementor-element-9db284f\" data-id=\"9db284f\" data-element_type=\"column\">\n\t\t\t<div class=\"elementor-widget-wrap elementor-element-populated\">\n\t\t\t\t\t\t<div class=\"elementor-element elementor-element-f899d18 elementor-widget elementor-widget-image\" data-id=\"f899d18\" data-element_type=\"widget\" data-widget_type=\"image.default\">\n\t\t\t\t<div class=\"elementor-widget-container\">\n\t\t\t\t\t\t\t\t\t\t\t\t\t\t\t<img fetchpriority=\"high\" decoding=\"async\" width=\"2560\" height=\"478\" src=\"https:\/\/admichess.com\/larcoop\/wp-content\/uploads\/2024\/11\/pago-en-linea-banner--scaled.jpg\" class=\"attachment-full size-full wp-image-9706\" alt=\"\" srcset=\"https:\/\/admichess.com\/larcoop\/wp-content\/uploads\/2024\/11\/pago-en-linea-banner--scaled.jpg 2560w, https:\/\/admichess.com\/larcoop\/wp-content\/uploads\/2024\/11\/pago-en-linea-banner--300x56.jpg 300w, https:\/\/admichess.com\/larcoop\/wp-content\/uploads\/2024\/11\/pago-en-linea-banner--1024x191.jpg 1024w, https:\/\/admichess.com\/larcoop\/wp-content\/uploads\/2024\/11\/pago-en-linea-banner--768x143.jpg 768w, https:\/\/admichess.com\/larcoop\/wp-content\/uploads\/2024\/11\/pago-en-linea-banner--1536x287.jpg 1536w, https:\/\/admichess.com\/larcoop\/wp-content\/uploads\/2024\/11\/pago-en-linea-banner--2048x382.jpg 2048w\" sizes=\"(max-width: 2560px) 100vw, 2560px\" \/>\t\t\t\t\t\t\t\t\t\t\t\t\t\t\t<\/div>\n\t\t\t\t<\/div>\n\t\t\t\t\t<\/div>\n\t\t<\/div>\n\t\t\t\t\t<\/div>\n\t\t<\/section>\n\t\t\t\t<section class=\"elementor-section elementor-top-section elementor-element elementor-element-6c8d8ba elementor-section-boxed elementor-section-height-default elementor-section-height-default rt-parallax-bg-no\" data-id=\"6c8d8ba\" data-element_type=\"section\">\n\t\t\t\t\t\t<div class=\"elementor-container elementor-column-gap-default\">\n\t\t\t\t\t<div class=\"elementor-column elementor-col-100 elementor-top-column elementor-element elementor-element-9cc9c20\" data-id=\"9cc9c20\" data-element_type=\"column\">\n\t\t\t<div class=\"elementor-widget-wrap elementor-element-populated\">\n\t\t\t\t\t\t<div class=\"elementor-element elementor-element-787434d elementor-widget elementor-widget-spacer\" data-id=\"787434d\" data-element_type=\"widget\" data-widget_type=\"spacer.default\">\n\t\t\t\t<div class=\"elementor-widget-container\">\n\t\t\t\t\t\t\t<div class=\"elementor-spacer\">\n\t\t\t<div class=\"elementor-spacer-inner\"><\/div>\n\t\t<\/div>\n\t\t\t\t\t\t<\/div>\n\t\t\t\t<\/div>\n\t\t\t\t\t<\/div>\n\t\t<\/div>\n\t\t\t\t\t<\/div>\n\t\t<\/section>\n\t\t\t\t<section class=\"elementor-section elementor-top-section elementor-element elementor-element-ef382ba elementor-hidden-widescreen elementor-hidden-desktop elementor-hidden-laptop elementor-hidden-tablet elementor-hidden-mobile elementor-section-boxed elementor-section-height-default elementor-section-height-default rt-parallax-bg-no\" data-id=\"ef382ba\" data-element_type=\"section\">\n\t\t\t\t\t\t<div class=\"elementor-container elementor-column-gap-default\">\n\t\t\t\t\t<div class=\"elementor-column elementor-col-100 elementor-top-column elementor-element elementor-element-ffee5f2\" data-id=\"ffee5f2\" data-element_type=\"column\" id=\"pago-en-linea-box\">\n\t\t\t<div class=\"elementor-widget-wrap elementor-element-populated\">\n\t\t\t\t\t\t<div class=\"elementor-element elementor-element-abaa2ff elementor-widget elementor-widget-text-editor\" data-id=\"abaa2ff\" data-element_type=\"widget\" data-widget_type=\"text-editor.default\">\n\t\t\t\t<div class=\"elementor-widget-container\">\n\t\t\t\t\t\t\t\t\t<p>I<b>NFORMACI\u00d3N IMPORTANTE<\/b><\/p><div class=\"vc_row wpb_row vc_row-fluid vc_row-no-padding\"><div class=\"wpb_column vc_column_container vc_col-sm-12\"><div class=\"vc_column-inner\"><div class=\"wpb_wrapper\"><div class=\"wpb_text_column wpb_content_element \"><div class=\"wpb_wrapper\"><div class=\"terms-payment\"><ul><li>Esta plataforma es para procesar pagos de sus pr\u00e9stamos o tarjeta de cr\u00e9dito con la Cooperativa de Ahorro y Cr\u00e9dito de Lares y Regi\u00f3n Central (LARCOOP), utilizando los fondos de otra instituci\u00f3n financiera. Si usted desea pagar sus pr\u00e9stamos o tarjeta de cr\u00e9dito con los haberes que tiene disponible en LARCOOP, debe utilizar el acceso a (HOMEBANKING).<\/li><\/ul><ul><li>Pr\u00e9stamos con m\u00e1s de 60 d\u00edas de atraso, no pueden utilizar el portal de pagos en l\u00ednea. Para asistencia deben comunicarse al 787-897-2255 ext. 235 o 236.<\/li><\/ul><ul><li>Para saldo de su deuda debe comunicarse o visitar nuestras oficinas.<\/li><\/ul><p><b>INFORMACI\u00d3N Y DATOS DEL CLIENTE<\/b><\/p><p>Es importante que antes de acceder al pago en l\u00ednea usted conozca la siguiente informaci\u00f3n:<\/p><ul><li>Nombre de socio<\/li><li>N\u00famero del socio<\/li><li>N\u00famero de pr\u00e9stamo y\/o n\u00famero de tarjeta de cr\u00e9dito que estar\u00e1 pagando.<\/li><\/ul><ul><li>El n\u00famero de pr\u00e9stamo es el \u00faltimo digito que aparece en su libreta de pago en el encasillado donde est\u00e1 su n\u00famero de socio. Ej. SOCIO NO.\u00a0<b>074012345-1<\/b>\u00a0en el ejemplo podr\u00e1 observar que \u00faltimo digito (1) es el n\u00famero de pr\u00e9stamo que ingresar\u00e1 en la plataforma de pago. De tener alguna duda debe visitar o comunicarse con cualquiera de nuestras sucursales para asegurarse que tiene el n\u00famero correcto. La Cooperativa no se responsabiliza por pagos recibidos con informaci\u00f3n incorrecta.<\/li><li>En caso de tarjetas de cr\u00e9dito, debe conocer los \u00faltimos cuatro (4) d\u00edgitos de la tarjeta de cr\u00e9dito que desea pagar.<\/li><\/ul><p><b>INFORMACI\u00d3N DE PAGO<\/b><\/p><p>Para poder realizar el pago el socio debe ingresar la siguiente informaci\u00f3n:<\/p><ul><li>Cantidad exacta<\/li><li>N\u00famero de cuenta de donde saldr\u00e1 el dinero para realizar el pago<\/li><li>Ruta y tr\u00e1nsito de la instituci\u00f3n financiera en donde est\u00e1 la cuenta<\/li><li>Seleccionar si la cuenta es de cheque o de ahorro.<\/li><\/ul><p><b>AUTORIZACI\u00d3N PARA D\u00c9BITO DIRECTO<\/b><\/p><p>Por la presente autorizo a la Cooperativa de Ahorro y Cr\u00e9dito de Lares y Regi\u00f3n Central, a iniciar una transacci\u00f3n de d\u00e9bito a mi cuenta con la informaci\u00f3n que m\u00e1s adelante suministrar\u00e9.<\/p><p><b>HORARIO DE RECEPCI\u00d3N DE PAGOS<\/b><\/p><p>Todos los pagos recibidos a trav\u00e9s del Portal en o antes de las 3:00 PM en d\u00edas laborables de lunes a viernes, que no hayan sido designados como feriados ser\u00e1n efectivos dentro de dos d\u00edas laborables en los respectivos pr\u00e9stamos o tarjeta de cr\u00e9dito para los cuales haya sido emitido. En el caso de las tarjetas de cr\u00e9dito la disponibilidad del balance de la l\u00ednea se ver\u00e1 reflejado a partir de las 12:00 de la media noche del pr\u00f3ximo d\u00eda emitido el pago. Pagos emitidos despu\u00e9s de las 3:00pm de lunes a viernes, s\u00e1bados, domingo o feriados designados se har\u00e1n efectivo dentro de tres d\u00edas laborables.<\/p><p><b>RESPONSABILIDAD DEL SOCIO O CLIENTE<\/b><\/p><ul><li>El socio o cliente de LARCOOP que utilice este sistema de pagos en l\u00ednea, debe asegurarse de tener el balance disponible en la cuenta a ser debitada. Transacciones con fondos insuficientes se adjudicar\u00e1 un cargo de quince d\u00f3lares ($15.00) por pago devuelto.<\/li><li>La responsabilidad del socio es emitir el pago de pr\u00e9stamo o tarjeta de cr\u00e9dito por la cantidad correcta. La Cooperativa no se responsabiliza por pagos recibidos por cantidades menores al pago adeudado del mes corriente. Es responsabilidad del socio o cliente el pago de cualquier recargo o penalidad. Por lo que siempre recomendamos que acceda su cuenta a trav\u00e9s (HOMEBANKING), o se comunique o visite cualquiera de nuestras sucursales para asegurarse de los balances a pagar.<\/li><li>Esta plataforma solo sera utilizada para procesar pagos de pr\u00e9stamos o tarjetas de cr\u00e9dito. Usos distintos a los antes establecidos, conllevar\u00e1 un cargo por servicio de 2.5% del monto de la transacci\u00f3n.<\/li><\/ul><p><b>BLOQUEO DE PAGOS<\/b><\/p><p>LARCOOP se reserva el derecho a suspender el servicio de pagos en el Portal a cualquier Socio, a su solo criterio. Esta suspensi\u00f3n puede responder, pero no se limita a, intentos de pago con cuentas con fondos insuficientes, disputa de transacciones realizadas, o transacciones fraudulentas.<\/p><p><b>RECLAMACIONES POR PAGOS EFECTUADOS EN EL PORTAL<\/b><\/p><ul><li>En caso de que el Socio desee presentar una reclamaci\u00f3n relativa a un pago efectuado en el Portal, \u00e9ste deber\u00e1 enviar un mensaje de correo electr\u00f3nico a la direcci\u00f3n\u00a0portalpagos@vbo.82e.myftpupload.com\u00a0conteniendo la siguiente informaci\u00f3n:<\/li><\/ul><ol><li>N\u00famero de Socio<\/li><li>Tel\u00e9fono de contacto<\/li><li>Fecha en la que realiz\u00f3 el pago<\/li><li>Cantidad reclamada del Pago<\/li><li>N\u00famero de confirmaci\u00f3n<\/li><li>Descripci\u00f3n de la reclamaci\u00f3n (Devoluci\u00f3n cr\u00e9dito, Pago no aplicado, Pago aplicado incorrectamente)<\/li><\/ol><ul><li>Con esta informaci\u00f3n, la Cooperativa realizar\u00e1 la investigaci\u00f3n correspondiente y notificar\u00e1 al Socio la determinaci\u00f3n. El no proveer la totalidad de los datos solicitados puede acarrear demoras en la investigaci\u00f3n por parte de la LARCOOP.<\/li><\/ul><\/div><\/div><\/div><\/div><\/div><\/div><\/div><div id=\"wpcf7-f2126-p2127-o1\" class=\"wpcf7 js\" dir=\"ltr\" lang=\"en-US\" data-wpcf7-id=\"2126\"><div class=\"screen-reader-response\"><p role=\"status\" aria-live=\"polite\" aria-atomic=\"true\">\u00a0<\/p><\/div><form class=\"wpcf7-form init form-accept-payment wpcf7-acceptance-as-validation\" action=\"https:\/\/larcoop.com\/pagos-en-linea\/#wpcf7-f2126-p2127-o1\" method=\"post\" novalidate=\"novalidate\" aria-label=\"Contact form\" data-status=\"init\"><div class=\"wpb_wrapper\"><p><input id=\"myCheck\" type=\"checkbox\" \/><label for=\"myCheck\"><strong>Acepto los t\u00e9rminos y condiciones<\/strong><\/label><strong>\u00a0La Cooperativa de Ahorro y Cr\u00e9dito de Lares y Regi\u00f3n Central (LARCOOP) no se responsabiliza ni asume obligaci\u00f3n alguna por informaci\u00f3n incorrecta suministrada por usted. LARCOOP puede en cualquier momento revisar estos T\u00e9rminos y Condiciones por medio de la actualizaci\u00f3n de este anuncio. Al usar esta direcci\u00f3n electr\u00f3nica, usted se obliga a cualquiera de tales revisiones y deber\u00e1 visitar peri\u00f3dicamente esta secci\u00f3n para conocer al momento los t\u00e9rminos y condiciones vigente a los cuales usted est\u00e1 obligado.<\/strong><\/p><p><button id=\"text\">Acceder a Pagos en L\u00ednea<\/button><\/p><\/div><\/form><\/div><div class=\"vc_row wpb_row vc_row-fluid vc_row-no-padding\"><div class=\"wpb_column vc_column_container vc_col-sm-12\"><div class=\"vc_column-inner\"><div class=\"wpb_wrapper\"><div class=\"wpb_text_column wpb_content_element \"><div class=\"wpb_wrapper\">\u00a0<\/div><\/div><\/div><\/div><\/div><\/div><div class=\"sharedaddy sd-sharing-enabled\">\u00a0<\/div>\t\t\t\t\t\t\t\t<\/div>\n\t\t\t\t<\/div>\n\t\t\t\t\t<\/div>\n\t\t<\/div>\n\t\t\t\t\t<\/div>\n\t\t<\/section>\n\t\t\t\t<section class=\"elementor-section elementor-top-section elementor-element elementor-element-b9dc3b5 elementor-section-boxed elementor-section-height-default elementor-section-height-default rt-parallax-bg-no\" data-id=\"b9dc3b5\" data-element_type=\"section\">\n\t\t\t\t\t\t<div class=\"elementor-container elementor-column-gap-default\">\n\t\t\t\t\t<div class=\"elementor-column elementor-col-100 elementor-top-column elementor-element elementor-element-8ba8e6b\" data-id=\"8ba8e6b\" data-element_type=\"column\">\n\t\t\t<div class=\"elementor-widget-wrap elementor-element-populated\">\n\t\t\t\t\t\t<div class=\"elementor-element elementor-element-240d142 elementor-widget elementor-widget-text-editor\" data-id=\"240d142\" data-element_type=\"widget\" data-widget_type=\"text-editor.default\">\n\t\t\t\t<div class=\"elementor-widget-container\">\n\t\t\t\t\t\t\t\t\t<div class=\"larcoop-terms-widget\" data-larcoop-terms>\n  <!-- ======= TU TEXTO \/ INFORMACI\u00d3N (d\u00e9jalo tal cual) ======= -->\n  <b>INFORMACI\u00d3N IMPORTANTE<\/b>\n  <div class=\"terms-payment\">\n    <ul>\n      <li>Esta plataforma es para procesar pagos de sus pr\u00e9stamos o tarjeta de cr\u00e9dito con la Cooperativa de Ahorro y Cr\u00e9dito de Lares y Regi\u00f3n Central (LARCOOP), utilizando los fondos de otra instituci\u00f3n financiera. Si usted desea pagar sus pr\u00e9stamos o tarjeta de cr\u00e9dito con los haberes que tiene disponible en LARCOOP, debe utilizar el acceso a (HOMEBANKING).<\/li>\n    <\/ul>\n    <ul>\n      <li>Pr\u00e9stamos con m\u00e1s de 60 d\u00edas de atraso, no pueden utilizar el portal de pagos en l\u00ednea. Para asistencia deben comunicarse al 787-897-2255 ext. 235 o 236.<\/li>\n    <\/ul>\n    <ul>\n      <li>Para saldo de su deuda debe comunicarse o visitar nuestras oficinas.<\/li>\n    <\/ul>\n\n    <b>INFORMACI\u00d3N Y DATOS DEL CLIENTE<\/b>\n<br\/>\n    Es importante que antes de acceder al pago en l\u00ednea usted conozca la siguiente informaci\u00f3n:\n    <ul>\n      <li>Nombre de socio<\/li>\n      <li>N\u00famero del socio<\/li>\n      <li>N\u00famero de pr\u00e9stamo y\/o n\u00famero de tarjeta de cr\u00e9dito que estar\u00e1 pagando.<\/li>\n    <\/ul>\n    <ul>\n      <li>El n\u00famero de pr\u00e9stamo es el \u00faltimo digito que aparece en su libreta de pago en el encasillado donde est\u00e1 su n\u00famero de socio. Ej. SOCIO NO. <b>074012345-1<\/b> en el ejemplo podr\u00e1 observar que \u00faltimo digito (1) es el n\u00famero de pr\u00e9stamo que ingresar\u00e1 en la plataforma de pago. De tener alguna duda debe visitar o comunicarse con cualquiera de nuestras sucursales para asegurarse que tiene el n\u00famero correcto. La Cooperativa no se responsabiliza por pagos recibidos con informaci\u00f3n incorrecta.<\/li>\n      <li>En caso de tarjetas de cr\u00e9dito, debe conocer los \u00faltimos cuatro (4) d\u00edgitos de la tarjeta de cr\u00e9dito que desea pagar.<\/li>\n    <\/ul>\n\n    <b>INFORMACI\u00d3N DE PAGO<\/b>\n<br\/>\n    Para poder realizar el pago el socio debe ingresar la siguiente informaci\u00f3n:\n    <ul>\n      <li>Cantidad exacta<\/li>\n      <li>N\u00famero de cuenta de donde saldr\u00e1 el dinero para realizar el pago<\/li>\n      <li>Ruta y tr\u00e1nsito de la instituci\u00f3n financiera en donde est\u00e1 la cuenta<\/li>\n      <li>Seleccionar si la cuenta es de cheque o de ahorro.<\/li>\n    <\/ul>\n\n    <b>AUTORIZACI\u00d3N PARA D\u00c9BITO DIRECTO<\/b>\n<br\/>\n    Por la presente autorizo a la Cooperativa de Ahorro y Cr\u00e9dito de Lares y Regi\u00f3n Central, a iniciar una transacci\u00f3n de d\u00e9bito a mi cuenta con la informaci\u00f3n que m\u00e1s adelante suministrar\u00e9.\n<br\/><br\/>\n    <b>HORARIO DE RECEPCI\u00d3N DE PAGOS<\/b>\n<br\/>\n    Todos los pagos recibidos a trav\u00e9s del Portal en o antes de las 3:00 PM en d\u00edas laborables de lunes a viernes, que no hayan sido designados como feriados ser\u00e1n efectivos dentro de dos d\u00edas laborables en los respectivos pr\u00e9stamos o tarjeta de cr\u00e9dito para los cuales haya sido emitido. En el caso de las tarjetas de cr\u00e9dito la disponibilidad del balance de la l\u00ednea se ver\u00e1 reflejado a partir de las 12:00 de la media noche del pr\u00f3ximo d\u00eda emitido el pago. Pagos emitidos despu\u00e9s de las 3:00pm de lunes a viernes, s\u00e1bados, domingo o feriados designados se har\u00e1n efectivo dentro de tres d\u00edas laborables.\n<br\/><br\/>\n    <b>RESPONSABILIDAD DEL SOCIO O CLIENTE<\/b>\n<br\/>\n    <ul>\n      <li>El socio o cliente de LARCOOP que utilice este sistema de pagos en l\u00ednea, debe asegurarse de tener el balance disponible en la cuenta a ser debitada. Transacciones con fondos insuficientes se adjudicar\u00e1 un cargo de quince d\u00f3lares ($15.00) por pago devuelto.<\/li>\n      <li>La responsabilidad del socio es emitir el pago de pr\u00e9stamo o tarjeta de cr\u00e9dito por la cantidad correcta. La Cooperativa no se responsabiliza por pagos recibidos por cantidades menores al pago adeudado del mes corriente. Es responsabilidad del socio o cliente el pago de cualquier recargo o penalidad. Por lo que siempre recomendamos que acceda su cuenta a trav\u00e9s (HOMEBANKING), o se comunique o visite cualquiera de nuestras sucursales para asegurarse de los balances a pagar.<\/li>\n      <li>Esta plataforma solo sera utilizada para procesar pagos de pr\u00e9stamos o tarjetas de cr\u00e9dito. Usos distintos a los antes establecidos, conllevar\u00e1 un cargo por servicio de 2.5% del monto de la transacci\u00f3n.<\/li>\n    <\/ul>\n\n    <b>BLOQUEO DE PAGOS<\/b>\n<br\/>\n    LARCOOP se reserva el derecho a suspender el servicio de pagos en el Portal a cualquier Socio, a su solo criterio. Esta suspensi\u00f3n puede responder, pero no se limita a, intentos de pago con cuentas con fondos insuficientes, disputa de transacciones realizadas, o transacciones fraudulentas.\n<br\/><br\/>\n    <b>RECLAMACIONES POR PAGOS EFECTUADOS EN EL PORTAL<\/b>\n    <ul>\n      <li>En caso de que el Socio desee presentar una reclamaci\u00f3n relativa a un pago efectuado en el Portal, \u00e9ste deber\u00e1 enviar un mensaje de correo electr\u00f3nico a la direcci\u00f3n portalpagos@vbo.82e.myftpupload.com conteniendo la siguiente informaci\u00f3n:<\/li>\n    <\/ul>\n    <ol>\n      <li>N\u00famero de Socio<\/li>\n      <li>Tel\u00e9fono de contacto<\/li>\n      <li>Fecha en la que realiz\u00f3 el pago<\/li>\n      <li>Cantidad reclamada del Pago<\/li>\n      <li>N\u00famero de confirmaci\u00f3n<\/li>\n      <li>Descripci\u00f3n de la reclamaci\u00f3n (Devoluci\u00f3n cr\u00e9dito, Pago no aplicado, Pago aplicado incorrectamente)<\/li>\n    <\/ol>\n    <ul>\n      <li>Con esta informaci\u00f3n, la Cooperativa realizar\u00e1 la investigaci\u00f3n correspondiente y notificar\u00e1 al Socio la determinaci\u00f3n. El no proveer la totalidad de los datos solicitados puede acarrear demoras en la investigaci\u00f3n por parte de la LARCOOP.<\/li>\n    <\/ul>\n  <\/div>\n\n  <!-- ======= ACEPTACI\u00d3N + BOT\u00d3N ======= -->\n  <div class=\"acceptance-box\">\n    <div class=\"acceptance-row\">\n      <input type=\"checkbox\" class=\"js-terms-check\" \/>\n      <label><strong>Acepto los t\u00e9rminos y condiciones<\/strong><\/label>\n    <\/div>\n\n    <strong class=\"terms-disclaimer\">\n      La Cooperativa de Ahorro y Cr\u00e9dito de Lares y Regi\u00f3n Central (LARCOOP) no se responsabiliza ni asume obligaci\u00f3n alguna por informaci\u00f3n incorrecta suministrada por usted. LARCOOP puede en cualquier momento revisar estos T\u00e9rminos y Condiciones por medio de la actualizaci\u00f3n de este anuncio. Al usar esta direcci\u00f3n electr\u00f3nica, usted se obliga a cualquiera de tales revisiones y deber\u00e1 visitar peri\u00f3dicamente esta secci\u00f3n para conocer al momento los t\u00e9rminos y condiciones vigente a los cuales usted est\u00e1 obligado.\n    <\/strong>\n\n    <div class=\"terms-error js-terms-error\" role=\"alert\" aria-live=\"polite\" style=\"display:none;\">\n      Debe aceptar los t\u00e9rminos y condiciones para poder acceder a Pagos en L\u00ednea.\n    <\/div>\n\n    <button type=\"button\" class=\"access-btn js-access-btn\" disabled aria-disabled=\"true\">\n      Acceder a Pagos en L\u00ednea\n    <\/button>\n  <\/div>\n<\/div>\n\n<style>\n  .acceptance-box { margin-top: 18px; }\n  .acceptance-row { display:flex; align-items:center; gap:10px; margin-bottom: 12px; }\n  .acceptance-row label { cursor:pointer; }\n\n  .terms-disclaimer { display:block; margin: 12px 0 14px; line-height: 1.55; }\n\n  .terms-error{\n    margin: 12px 0 14px;\n    padding: 12px 14px;\n    border-radius: 10px;\n    border: 1px solid rgba(220, 38, 38, .35);\n    background: rgba(220, 38, 38, .08);\n    font-weight: 700;\n  }\n\n  \/* Fuerza a que el bot\u00f3n SIEMPRE se vea (por si un CSS externo lo pone display:none) *\/\n  .larcoop-terms-widget .access-btn{\n    display: inline-flex !important;\n    align-items: center;\n    justify-content: center;\n    gap: 10px;\n    padding: 14px 22px;\n    min-height: 48px;\n    border-radius: 12px;\n    border: 1px solid rgba(0,0,0,.08);\n    background: #013870;\n    color: #fff;\n    font-size: 16px;\n    font-weight: 800;\n    letter-spacing: .2px;\n    cursor: pointer;\n    transition: transform .08s ease, opacity .2s ease, box-shadow .2s ease, filter .2s ease;\n    box-shadow: 0 10px 20px rgba(0,0,0,.12);\n    text-decoration: none;\n  }\n\n  .larcoop-terms-widget .access-btn:hover{\n    filter: brightness(1.05);\n    box-shadow: 0 14px 26px rgba(0,0,0,.16);\n  }\n\n  .larcoop-terms-widget .access-btn:active{\n    transform: translateY(1px);\n  }\n\n  .larcoop-terms-widget .access-btn[disabled]{\n    opacity: .55;\n    cursor: not-allowed;\n    box-shadow: none;\n    filter: none;\n  }\n<\/style>\n\n<script>\n(function () {\n  const PAYMENT_URL = \"https:\/\/paymentgatewaypr.net\/larcoop\/\";\n\n  function init(root) {\n    const checkbox = root.querySelector('.js-terms-check');\n    const btn = root.querySelector('.js-access-btn');\n    const errorBox = root.querySelector('.js-terms-error');\n\n    if (!checkbox || !btn || !errorBox) return false;\n\n    const update = () => {\n      const ok = checkbox.checked;\n      btn.disabled = !ok;\n      btn.setAttribute('aria-disabled', String(!ok));\n      if (ok) errorBox.style.display = 'none';\n    };\n\n    update();\n\n    checkbox.addEventListener('change', update);\n\n    btn.addEventListener('click', () => {\n      if (!checkbox.checked) {\n        errorBox.style.display = 'block';\n        checkbox.focus();\n        return;\n      }\n      window.location.href = PAYMENT_URL;\n    });\n\n    return true;\n  }\n\n  function boot() {\n    \/\/ Inicializa todos los widgets en la p\u00e1gina (por si el HTML widget se repite)\n    document.querySelectorAll('[data-larcoop-terms]').forEach((root) => {\n      if (!root.__larcoopReady) {\n        const ok = init(root);\n        if (ok) root.__larcoopReady = true;\n      }\n    });\n  }\n\n  \/\/ Elementor a veces renderiza despu\u00e9s; reintenta un par de veces\n  let tries = 0;\n  const timer = setInterval(() => {\n    boot();\n    tries++;\n    if (tries >= 20) clearInterval(timer);\n  }, 250);\n\n  \/\/ Y tambi\u00e9n intenta al cargar\n  document.addEventListener('DOMContentLoaded', boot);\n})();\n<\/script>\t\t\t\t\t\t\t\t<\/div>\n\t\t\t\t<\/div>\n\t\t\t\t\t<\/div>\n\t\t<\/div>\n\t\t\t\t\t<\/div>\n\t\t<\/section>\n\t\t\t\t<section class=\"elementor-section elementor-top-section elementor-element elementor-element-c9fe6d8 elementor-section-boxed elementor-section-height-default elementor-section-height-default rt-parallax-bg-no\" data-id=\"c9fe6d8\" data-element_type=\"section\">\n\t\t\t\t\t\t<div class=\"elementor-container elementor-column-gap-default\">\n\t\t\t\t\t<div class=\"elementor-column elementor-col-100 elementor-top-column elementor-element elementor-element-67f96fa\" data-id=\"67f96fa\" data-element_type=\"column\">\n\t\t\t<div class=\"elementor-widget-wrap elementor-element-populated\">\n\t\t\t\t\t\t<div class=\"elementor-element elementor-element-1ebedb9 elementor-widget elementor-widget-spacer\" data-id=\"1ebedb9\" data-element_type=\"widget\" data-widget_type=\"spacer.default\">\n\t\t\t\t<div class=\"elementor-widget-container\">\n\t\t\t\t\t\t\t<div class=\"elementor-spacer\">\n\t\t\t<div class=\"elementor-spacer-inner\"><\/div>\n\t\t<\/div>\n\t\t\t\t\t\t<\/div>\n\t\t\t\t<\/div>\n\t\t\t\t\t<\/div>\n\t\t<\/div>\n\t\t\t\t\t<\/div>\n\t\t<\/section>\n\t\t\t\t<\/div>\n\t\t","protected":false},"excerpt":{"rendered":"<p>INFORMACI\u00d3N IMPORTANTE Esta plataforma es para procesar pagos de sus pr\u00e9stamos o tarjeta de cr\u00e9dito con la Cooperativa de Ahorro y Cr\u00e9dito de Lares y Regi\u00f3n Central (LARCOOP), utilizando los fondos de otra instituci\u00f3n financiera. Si usted desea pagar sus pr\u00e9stamos o tarjeta de cr\u00e9dito con los haberes que tiene disponible en LARCOOP, debe utilizar [&hellip;]<\/p>\n","protected":false},"author":1,"featured_media":0,"parent":0,"menu_order":0,"comment_status":"closed","ping_status":"closed","template":"elementor_header_footer","meta":{"footnotes":""},"class_list":["post-9604","page","type-page","status-publish","hentry"],"_links":{"self":[{"href":"https:\/\/admichess.com\/larcoop\/wp-json\/wp\/v2\/pages\/9604","targetHints":{"allow":["GET"]}}],"collection":[{"href":"https:\/\/admichess.com\/larcoop\/wp-json\/wp\/v2\/pages"}],"about":[{"href":"https:\/\/admichess.com\/larcoop\/wp-json\/wp\/v2\/types\/page"}],"author":[{"embeddable":true,"href":"https:\/\/admichess.com\/larcoop\/wp-json\/wp\/v2\/users\/1"}],"replies":[{"embeddable":true,"href":"https:\/\/admichess.com\/larcoop\/wp-json\/wp\/v2\/comments?post=9604"}],"version-history":[{"count":37,"href":"https:\/\/admichess.com\/larcoop\/wp-json\/wp\/v2\/pages\/9604\/revisions"}],"predecessor-version":[{"id":9893,"href":"https:\/\/admichess.com\/larcoop\/wp-json\/wp\/v2\/pages\/9604\/revisions\/9893"}],"wp:attachment":[{"href":"https:\/\/admichess.com\/larcoop\/wp-json\/wp\/v2\/media?parent=9604"}],"curies":[{"name":"wp","href":"https:\/\/api.w.org\/{rel}","templated":true}]}}